{"id":613923,"date":"2025-08-08T20:08:56","date_gmt":"2025-08-08T18:08:56","guid":{"rendered":"https:\/\/lucacastelli.com\/prodotto\/sacs-milwaukee-6\/"},"modified":"2025-08-08T20:08:56","modified_gmt":"2025-08-08T18:08:56","slug":"sacs-milwaukee-6","status":"publish","type":"product","link":"https:\/\/lucacastelli.com\/fr\/produit\/sacs-milwaukee-6\/","title":{"rendered":"Sacs Milwaukee"},"content":{"rendered":"<p>Sacs 3.5L M18 F2VC23L 5pcs \/ACC SIST<br \/>\nLes sacs \u00e0 poussi\u00e8re en molleton sont compatibles avec les aspirateurs liquides et secs Milwaukee\u00ae M12 FUEL et M18 FUEL\u2122 PACKOUT.&lt;br&gt;  Ces sacs \u00e0 poussi\u00e8re jetables sont id\u00e9aux pour collecter les poussi\u00e8res fines&lt;br&gt;  Les sacs vacuo sont \u00e9tanches \u00e0 l&#8217;air et servent de filtre pr\u00e9liminaire, pour prolonger la dur\u00e9e de vie du filtre, et sont faciles \u00e0 \u00e9liminer.&lt;br&gt;  paquet de 5<\/p>\n<p>4932479807<br \/>\n4058546376017<\/p>\n","protected":false},"excerpt":{"rendered":"<p>Sacs 3.5L M18 F2VC23L 5pcs \/ACC SIST<\/p>\n","protected":false},"featured_media":544741,"template":"","meta":{"_seopress_robots_primary_cat":"","_seopress_titles_title":"","_seopress_titles_desc":"","_seopress_robots_index":""},"product_brand":[3407],"product_cat":[29,514,517],"product_tag":[3270],"class_list":{"0":"post-613923","1":"product","2":"type-product","3":"status-publish","4":"has-post-thumbnail","6":"product_brand-milwaukee","7":"product_cat-macchinari","8":"product_cat-altri-dispositivi","9":"product_cat-aspiratori-per-la-pulizia","10":"product_tag-import-milwau","11":"sws-conto-ricavi-merci-rivendita-macchinari-fr","12":"sws-gruppo-iva-iva81-fr","14":"first","15":"onbackorder","16":"sale","17":"shipping-taxable","18":"purchasable","19":"product-type-simple"},"_links":{"self":[{"href":"https:\/\/lucacastelli.com\/fr\/wp-json\/wp\/v2\/product\/613923","targetHints":{"allow":["GET"]}}],"collection":[{"href":"https:\/\/lucacastelli.com\/fr\/wp-json\/wp\/v2\/product"}],"about":[{"href":"https:\/\/lucacastelli.com\/fr\/wp-json\/wp\/v2\/types\/product"}],"wp:featuredmedia":[{"embeddable":true,"href":"https:\/\/lucacastelli.com\/fr\/wp-json\/wp\/v2\/media\/544741"}],"wp:attachment":[{"href":"https:\/\/lucacastelli.com\/fr\/wp-json\/wp\/v2\/media?parent=613923"}],"wp:term":[{"taxonomy":"product_brand","embeddable":true,"href":"https:\/\/lucacastelli.com\/fr\/wp-json\/wp\/v2\/product_brand?post=613923"},{"taxonomy":"product_cat","embeddable":true,"href":"https:\/\/lucacastelli.com\/fr\/wp-json\/wp\/v2\/product_cat?post=613923"},{"taxonomy":"product_tag","embeddable":true,"href":"https:\/\/lucacastelli.com\/fr\/wp-json\/wp\/v2\/product_tag?post=613923"}],"curies":[{"name":"wp","href":"https:\/\/api.w.org\/{rel}","templated":true}]}}