{"id":613917,"date":"2025-08-08T20:08:53","date_gmt":"2025-08-08T18:08:53","guid":{"rendered":"https:\/\/lucacastelli.com\/prodotto\/milwaukee-systeme-daspiration-pour-couronnes-o-25-152-mm-equipe-de-brosses-pour-un-meilleur-effet-de-vide\/"},"modified":"2025-08-08T20:08:53","modified_gmt":"2025-08-08T18:08:53","slug":"milwaukee-systeme-daspiration-pour-couronnes-o-25-152-mm-equipe-de-brosses-pour-un-meilleur-effet-de-vide","status":"publish","type":"product","link":"https:\/\/lucacastelli.com\/fr\/produit\/milwaukee-systeme-daspiration-pour-couronnes-o-25-152-mm-equipe-de-brosses-pour-un-meilleur-effet-de-vide\/","title":{"rendered":"Milwaukee Syst\u00e8me d&#8217;aspiration pour couronnes \u00d8 25 &#8211; 152 mm. \u00c9quip\u00e9 de brosses pour un meilleur effet de vide."},"content":{"rendered":"<p>SYST\u00c8ME D&#8217;ASPIRATION DE COURONNE S\u00c8CHE -1pcs<br \/>\nSyst\u00e8me d&#8217;aspiration pour les couronnes de 25 \u00e0 152 mm de diam\u00e8tre. \u00c9quip\u00e9 de brosses pour un meilleur effet d&#8217;aspiration<\/p>\n<p>4932471990<br \/>\n4058546298890<\/p>\n","protected":false},"excerpt":{"rendered":"<p>SYST\u00c8ME D&#8217;ASPIRATION DE LA COURONNE S\u00c8CHE -1pcs<\/p>\n","protected":false},"featured_media":496696,"template":"","meta":{"_seopress_robots_primary_cat":"","_seopress_titles_title":"","_seopress_titles_desc":"","_seopress_robots_index":""},"product_brand":[3407],"product_cat":[29,514,517],"product_tag":[3270],"class_list":{"0":"post-613917","1":"product","2":"type-product","3":"status-publish","4":"has-post-thumbnail","6":"product_brand-milwaukee","7":"product_cat-macchinari","8":"product_cat-altri-dispositivi","9":"product_cat-aspiratori-per-la-pulizia","10":"product_tag-import-milwau","11":"sws-conto-ricavi-merci-rivendita-macchinari-fr","12":"sws-gruppo-iva-iva81-fr","14":"first","15":"onbackorder","16":"sale","17":"shipping-taxable","18":"purchasable","19":"product-type-simple"},"_links":{"self":[{"href":"https:\/\/lucacastelli.com\/fr\/wp-json\/wp\/v2\/product\/613917","targetHints":{"allow":["GET"]}}],"collection":[{"href":"https:\/\/lucacastelli.com\/fr\/wp-json\/wp\/v2\/product"}],"about":[{"href":"https:\/\/lucacastelli.com\/fr\/wp-json\/wp\/v2\/types\/product"}],"wp:featuredmedia":[{"embeddable":true,"href":"https:\/\/lucacastelli.com\/fr\/wp-json\/wp\/v2\/media\/496696"}],"wp:attachment":[{"href":"https:\/\/lucacastelli.com\/fr\/wp-json\/wp\/v2\/media?parent=613917"}],"wp:term":[{"taxonomy":"product_brand","embeddable":true,"href":"https:\/\/lucacastelli.com\/fr\/wp-json\/wp\/v2\/product_brand?post=613917"},{"taxonomy":"product_cat","embeddable":true,"href":"https:\/\/lucacastelli.com\/fr\/wp-json\/wp\/v2\/product_cat?post=613917"},{"taxonomy":"product_tag","embeddable":true,"href":"https:\/\/lucacastelli.com\/fr\/wp-json\/wp\/v2\/product_tag?post=613917"}],"curies":[{"name":"wp","href":"https:\/\/api.w.org\/{rel}","templated":true}]}}