{"id":613909,"date":"2025-08-09T19:31:52","date_gmt":"2025-08-09T17:31:52","guid":{"rendered":"https:\/\/lucacastelli.com\/prodotto\/milwaukee-pince-autobloquante-3\/"},"modified":"2025-08-09T19:31:52","modified_gmt":"2025-08-09T17:31:52","slug":"milwaukee-pince-autobloquante-3","status":"publish","type":"product","link":"https:\/\/lucacastelli.com\/fr\/produit\/milwaukee-pince-autobloquante-3\/","title":{"rendered":"Milwaukee Pince autobloquante"},"content":{"rendered":"<p>PINCE AUTOBLOQUANTE . SHAPED HOOKS 250 mm 1pcs<br \/>\nPince autobloquante TORQUE LOCK \u2122 : installation rapide et facile sur les surfaces plates et rondes. Il est possible d&#8217;appliquer une force suppl\u00e9mentaire. Peut \u00e9galement \u00eatre utilis\u00e9e pour suspendre ou ranger du mat\u00e9riel;M\u00e2choires durcies pour une meilleure adh\u00e9rence et un meilleur maintien du mat\u00e9riel;Protection contre la rouille : le chromage augmente la durabilit\u00e9 en r\u00e9duisant la corrosion;Conception traditionnelle du levier;Les pinces autobloquantes MAXBITE\u2122 ont une conception sp\u00e9ciale des m\u00e2choires pour une adh\u00e9rence maximale.   <\/p>\n<p>4932471729<br \/>\n4058546296285<\/p>\n","protected":false},"excerpt":{"rendered":"<p>AUT. POINTS FORMES 250 mm 1 pc <\/p>\n","protected":false},"featured_media":537669,"template":"","meta":{"_seopress_robots_primary_cat":"","_seopress_titles_title":"","_seopress_titles_desc":"","_seopress_robots_index":""},"product_brand":[3407],"product_cat":[5416,33],"product_tag":[3270],"class_list":{"0":"post-613909","1":"product","2":"type-product","3":"status-publish","4":"has-post-thumbnail","6":"product_brand-milwaukee","7":"product_cat-utensili-per-officina","8":"product_cat-attrezzature","9":"product_tag-import-milwau","10":"sws-conto-ricavi-merci-rivendita-macchinari-fr","11":"sws-gruppo-iva-iva81-fr","13":"first","14":"onbackorder","15":"sale","16":"shipping-taxable","17":"purchasable","18":"product-type-simple"},"_links":{"self":[{"href":"https:\/\/lucacastelli.com\/fr\/wp-json\/wp\/v2\/product\/613909","targetHints":{"allow":["GET"]}}],"collection":[{"href":"https:\/\/lucacastelli.com\/fr\/wp-json\/wp\/v2\/product"}],"about":[{"href":"https:\/\/lucacastelli.com\/fr\/wp-json\/wp\/v2\/types\/product"}],"wp:featuredmedia":[{"embeddable":true,"href":"https:\/\/lucacastelli.com\/fr\/wp-json\/wp\/v2\/media\/537669"}],"wp:attachment":[{"href":"https:\/\/lucacastelli.com\/fr\/wp-json\/wp\/v2\/media?parent=613909"}],"wp:term":[{"taxonomy":"product_brand","embeddable":true,"href":"https:\/\/lucacastelli.com\/fr\/wp-json\/wp\/v2\/product_brand?post=613909"},{"taxonomy":"product_cat","embeddable":true,"href":"https:\/\/lucacastelli.com\/fr\/wp-json\/wp\/v2\/product_cat?post=613909"},{"taxonomy":"product_tag","embeddable":true,"href":"https:\/\/lucacastelli.com\/fr\/wp-json\/wp\/v2\/product_tag?post=613909"}],"curies":[{"name":"wp","href":"https:\/\/api.w.org\/{rel}","templated":true}]}}