{"id":613890,"date":"2025-08-10T08:36:16","date_gmt":"2025-08-10T06:36:16","guid":{"rendered":"https:\/\/lucacastelli.com\/prodotto\/milwaukee-papier-abrasif-haute-performance-pour-roto-orbitaux-%e2%8c%80125-150-mm-6\/"},"modified":"2025-08-10T08:36:16","modified_gmt":"2025-08-10T06:36:16","slug":"milwaukee-papier-abrasif-haute-performance-pour-roto-orbitaux-%e2%8c%80125-150-mm-6","status":"publish","type":"product","link":"https:\/\/lucacastelli.com\/fr\/produit\/milwaukee-papier-abrasif-haute-performance-pour-roto-orbitaux-%e2%8c%80125-150-mm-6\/","title":{"rendered":"Milwaukee papier abrasif HAUTE PERFORMANCE pour roto-orbitaux \u2300125 &amp; 150 mm."},"content":{"rendered":"<p>DISQUE ABR HP 125MM\/8 TROUS G.120 &#8211; 50pcs<br \/>\nSupport papier flexible avec oxyde d&#8217;aluminium avec rev\u00eatement st\u00e9arate, emp\u00eache le colmatage;Rev\u00eatement grain abrasif avec film anti-colmatage pour un enl\u00e8vement de mati\u00e8re plus rapide et une productivit\u00e9 plus \u00e9lev\u00e9e;Dur\u00e9e de vie 2 fois plus longue par rapport au papier standard;Convient \u00e0 tous les types de bois, peinture, pl\u00e2tre et mastic<\/p>\n<p>4932492200<br \/>\n4058546415679<\/p>\n","protected":false},"excerpt":{"rendered":"<p>DISQUE ABR HP 125MM\/8 TROUS G.120 &#8211; 50 pcs.<\/p>\n","protected":false},"featured_media":600520,"template":"","meta":{"_seopress_robots_primary_cat":"","_seopress_titles_title":"","_seopress_titles_desc":"","_seopress_robots_index":""},"product_brand":[3407],"product_cat":[5416,33],"product_tag":[3270],"class_list":{"0":"post-613890","1":"product","2":"type-product","3":"status-publish","4":"has-post-thumbnail","6":"product_brand-milwaukee","7":"product_cat-utensili-per-officina","8":"product_cat-attrezzature","9":"product_tag-import-milwau","10":"sws-conto-ricavi-merci-rivendita-macchinari-fr","11":"sws-gruppo-iva-iva81-fr","13":"first","14":"onbackorder","15":"sale","16":"shipping-taxable","17":"purchasable","18":"product-type-simple"},"_links":{"self":[{"href":"https:\/\/lucacastelli.com\/fr\/wp-json\/wp\/v2\/product\/613890","targetHints":{"allow":["GET"]}}],"collection":[{"href":"https:\/\/lucacastelli.com\/fr\/wp-json\/wp\/v2\/product"}],"about":[{"href":"https:\/\/lucacastelli.com\/fr\/wp-json\/wp\/v2\/types\/product"}],"wp:featuredmedia":[{"embeddable":true,"href":"https:\/\/lucacastelli.com\/fr\/wp-json\/wp\/v2\/media\/600520"}],"wp:attachment":[{"href":"https:\/\/lucacastelli.com\/fr\/wp-json\/wp\/v2\/media?parent=613890"}],"wp:term":[{"taxonomy":"product_brand","embeddable":true,"href":"https:\/\/lucacastelli.com\/fr\/wp-json\/wp\/v2\/product_brand?post=613890"},{"taxonomy":"product_cat","embeddable":true,"href":"https:\/\/lucacastelli.com\/fr\/wp-json\/wp\/v2\/product_cat?post=613890"},{"taxonomy":"product_tag","embeddable":true,"href":"https:\/\/lucacastelli.com\/fr\/wp-json\/wp\/v2\/product_tag?post=613890"}],"curies":[{"name":"wp","href":"https:\/\/api.w.org\/{rel}","templated":true}]}}