{"id":613867,"date":"2025-08-10T08:36:06","date_gmt":"2025-08-10T06:36:06","guid":{"rendered":"https:\/\/lucacastelli.com\/prodotto\/milwaukee-sac-isotherme\/"},"modified":"2025-08-10T08:36:06","modified_gmt":"2025-08-10T06:36:06","slug":"milwaukee-sac-isotherme","status":"publish","type":"product","link":"https:\/\/lucacastelli.com\/fr\/produit\/milwaukee-sac-isotherme\/","title":{"rendered":"Milwaukee Sac isotherme"},"content":{"rendered":"<p>SAC THERMIQUE -1pcs<br \/>\nConstruction durable, en nylon balistique 1680D avec fermetures \u00e9clair r\u00e9sistantes \u00e0 la corrosion pour une durabilit\u00e9 maximale;Con\u00e7u pour r\u00e9sister aux conditions les plus difficiles;Isolation interne doublement \u00e9tanche, conserve la glace jusqu&#8217;\u00e0 24 heures sans fuite;Clip Flexiom\u00e8tre avec d\u00e9capsuleur pour une polyvalence maximale;Bandouli\u00e8re rembourr\u00e9e pour une durabilit\u00e9 et un confort maximaux;Poche technique s\u00e8che pour ranger les tablettes et les appareils \u00e9lectroniques<\/p>\n<p>4932464835<br \/>\n4058546227807<\/p>\n","protected":false},"excerpt":{"rendered":"<p>COOL BAG -1pcs<\/p>\n","protected":false},"featured_media":529993,"template":"","meta":{"_seopress_robots_primary_cat":"","_seopress_titles_title":"","_seopress_titles_desc":"","_seopress_robots_index":""},"product_brand":[3407],"product_cat":[5416,33],"product_tag":[3270],"class_list":{"0":"post-613867","1":"product","2":"type-product","3":"status-publish","4":"has-post-thumbnail","6":"product_brand-milwaukee","7":"product_cat-utensili-per-officina","8":"product_cat-attrezzature","9":"product_tag-import-milwau","10":"sws-conto-ricavi-merci-rivendita-macchinari-fr","11":"sws-gruppo-iva-iva81-fr","13":"first","14":"onbackorder","15":"sale","16":"shipping-taxable","17":"purchasable","18":"product-type-simple"},"_links":{"self":[{"href":"https:\/\/lucacastelli.com\/fr\/wp-json\/wp\/v2\/product\/613867","targetHints":{"allow":["GET"]}}],"collection":[{"href":"https:\/\/lucacastelli.com\/fr\/wp-json\/wp\/v2\/product"}],"about":[{"href":"https:\/\/lucacastelli.com\/fr\/wp-json\/wp\/v2\/types\/product"}],"wp:featuredmedia":[{"embeddable":true,"href":"https:\/\/lucacastelli.com\/fr\/wp-json\/wp\/v2\/media\/529993"}],"wp:attachment":[{"href":"https:\/\/lucacastelli.com\/fr\/wp-json\/wp\/v2\/media?parent=613867"}],"wp:term":[{"taxonomy":"product_brand","embeddable":true,"href":"https:\/\/lucacastelli.com\/fr\/wp-json\/wp\/v2\/product_brand?post=613867"},{"taxonomy":"product_cat","embeddable":true,"href":"https:\/\/lucacastelli.com\/fr\/wp-json\/wp\/v2\/product_cat?post=613867"},{"taxonomy":"product_tag","embeddable":true,"href":"https:\/\/lucacastelli.com\/fr\/wp-json\/wp\/v2\/product_tag?post=613867"}],"curies":[{"name":"wp","href":"https:\/\/api.w.org\/{rel}","templated":true}]}}