{"id":613854,"date":"2025-08-10T08:36:02","date_gmt":"2025-08-10T06:36:02","guid":{"rendered":"https:\/\/lucacastelli.com\/prodotto\/milwaukee-ensemble-de-tournevis-de-precision-39-en-1-avec-etui\/"},"modified":"2025-08-10T08:36:02","modified_gmt":"2025-08-10T06:36:02","slug":"milwaukee-ensemble-de-tournevis-de-precision-39-en-1-avec-etui","status":"publish","type":"product","link":"https:\/\/lucacastelli.com\/fr\/produit\/milwaukee-ensemble-de-tournevis-de-precision-39-en-1-avec-etui\/","title":{"rendered":"Milwaukee Ensemble de tournevis de pr\u00e9cision 39 en 1 avec \u00e9tui"},"content":{"rendered":"<p>Jeu de tournevis de pr\u00e9cision 39 en 1 avec \u00e9tui<br \/>\nPoign\u00e9e avec t\u00eate rotative \u00e0 360 degr\u00e9s pour un meilleur contr\u00f4le et une pr\u00e9cision maximale, optimis\u00e9e pour toutes les applications;livr\u00e9 dans un \u00e9tui durable PACKOUT con\u00e7u pour faciliter le retrait des embouts<\/p>\n<p>4932498177<br \/>\n4058546520465.<\/p>\n","protected":false},"excerpt":{"rendered":"<p>Jeu de tournevis de pr\u00e9cision 39 en 1 avec \u00e9tui<\/p>\n","protected":false},"featured_media":566496,"template":"","meta":{"_seopress_robots_primary_cat":"","_seopress_titles_title":"","_seopress_titles_desc":"","_seopress_robots_index":""},"product_brand":[3407],"product_cat":[5416,33],"product_tag":[3270],"class_list":{"0":"post-613854","1":"product","2":"type-product","3":"status-publish","4":"has-post-thumbnail","6":"product_brand-milwaukee","7":"product_cat-utensili-per-officina","8":"product_cat-attrezzature","9":"product_tag-import-milwau","10":"sws-conto-ricavi-merci-rivendita-macchinari-fr","11":"sws-gruppo-iva-iva81-fr","13":"first","14":"onbackorder","15":"sale","16":"shipping-taxable","17":"purchasable","18":"product-type-simple"},"_links":{"self":[{"href":"https:\/\/lucacastelli.com\/fr\/wp-json\/wp\/v2\/product\/613854","targetHints":{"allow":["GET"]}}],"collection":[{"href":"https:\/\/lucacastelli.com\/fr\/wp-json\/wp\/v2\/product"}],"about":[{"href":"https:\/\/lucacastelli.com\/fr\/wp-json\/wp\/v2\/types\/product"}],"wp:featuredmedia":[{"embeddable":true,"href":"https:\/\/lucacastelli.com\/fr\/wp-json\/wp\/v2\/media\/566496"}],"wp:attachment":[{"href":"https:\/\/lucacastelli.com\/fr\/wp-json\/wp\/v2\/media?parent=613854"}],"wp:term":[{"taxonomy":"product_brand","embeddable":true,"href":"https:\/\/lucacastelli.com\/fr\/wp-json\/wp\/v2\/product_brand?post=613854"},{"taxonomy":"product_cat","embeddable":true,"href":"https:\/\/lucacastelli.com\/fr\/wp-json\/wp\/v2\/product_cat?post=613854"},{"taxonomy":"product_tag","embeddable":true,"href":"https:\/\/lucacastelli.com\/fr\/wp-json\/wp\/v2\/product_tag?post=613854"}],"curies":[{"name":"wp","href":"https:\/\/api.w.org\/{rel}","templated":true}]}}