{"id":613849,"date":"2025-08-10T08:35:56","date_gmt":"2025-08-10T06:35:56","guid":{"rendered":"https:\/\/lucacastelli.com\/prodotto\/milwaukee-jeu-de-douilles-a-embouts-torx-de-1-2in-drive-9pc\/"},"modified":"2025-08-10T08:35:56","modified_gmt":"2025-08-10T06:35:56","slug":"milwaukee-jeu-de-douilles-a-embouts-torx-de-1-2in-drive-9pc","status":"publish","type":"product","link":"https:\/\/lucacastelli.com\/fr\/produit\/milwaukee-jeu-de-douilles-a-embouts-torx-de-1-2in-drive-9pc\/","title":{"rendered":"Milwaukee Jeu de douilles \u00e0 embouts Torx de 1\/2in Drive 9pc"},"content":{"rendered":"<p>1\/2in Drive Torx Bit Socket Set 9pc<br \/>\nFOUR FLAT\u2122 Design pour l&#8217;insertion des cl\u00e9s;Design fin pour un acc\u00e8s id\u00e9al dans les espaces de construction restreints;La m\u00e9thode de production en une seule pi\u00e8ce augmente la r\u00e9sistance dans les applications \u00e0 couple \u00e9lev\u00e9;Dimensions moul\u00e9es pour une reconnaissance plus facile de l&#8217;outil<\/p>\n<p>4932480822<br \/>\n4058546411077.<\/p>\n","protected":false},"excerpt":{"rendered":"<p>Jeu de douilles \u00e0 embouts Torx 1\/2in Drive 9pc<\/p>\n","protected":false},"featured_media":554112,"template":"","meta":{"_seopress_robots_primary_cat":"","_seopress_titles_title":"","_seopress_titles_desc":"","_seopress_robots_index":""},"product_brand":[3407],"product_cat":[5416,33],"product_tag":[3270],"class_list":{"0":"post-613849","1":"product","2":"type-product","3":"status-publish","4":"has-post-thumbnail","6":"product_brand-milwaukee","7":"product_cat-utensili-per-officina","8":"product_cat-attrezzature","9":"product_tag-import-milwau","10":"sws-conto-ricavi-merci-rivendita-macchinari-fr","11":"sws-gruppo-iva-iva81-fr","13":"first","14":"onbackorder","15":"sale","16":"shipping-taxable","17":"purchasable","18":"product-type-simple"},"_links":{"self":[{"href":"https:\/\/lucacastelli.com\/fr\/wp-json\/wp\/v2\/product\/613849","targetHints":{"allow":["GET"]}}],"collection":[{"href":"https:\/\/lucacastelli.com\/fr\/wp-json\/wp\/v2\/product"}],"about":[{"href":"https:\/\/lucacastelli.com\/fr\/wp-json\/wp\/v2\/types\/product"}],"wp:featuredmedia":[{"embeddable":true,"href":"https:\/\/lucacastelli.com\/fr\/wp-json\/wp\/v2\/media\/554112"}],"wp:attachment":[{"href":"https:\/\/lucacastelli.com\/fr\/wp-json\/wp\/v2\/media?parent=613849"}],"wp:term":[{"taxonomy":"product_brand","embeddable":true,"href":"https:\/\/lucacastelli.com\/fr\/wp-json\/wp\/v2\/product_brand?post=613849"},{"taxonomy":"product_cat","embeddable":true,"href":"https:\/\/lucacastelli.com\/fr\/wp-json\/wp\/v2\/product_cat?post=613849"},{"taxonomy":"product_tag","embeddable":true,"href":"https:\/\/lucacastelli.com\/fr\/wp-json\/wp\/v2\/product_tag?post=613849"}],"curies":[{"name":"wp","href":"https:\/\/api.w.org\/{rel}","templated":true}]}}