{"id":613846,"date":"2025-08-10T08:35:58","date_gmt":"2025-08-10T06:35:58","guid":{"rendered":"https:\/\/lucacastelli.com\/prodotto\/milwaukee-jeu-de-rallonges-oscillantes-1-2in-drive-3pc\/"},"modified":"2025-08-10T08:35:58","modified_gmt":"2025-08-10T06:35:58","slug":"milwaukee-jeu-de-rallonges-oscillantes-1-2in-drive-3pc","status":"publish","type":"product","link":"https:\/\/lucacastelli.com\/fr\/produit\/milwaukee-jeu-de-rallonges-oscillantes-1-2in-drive-3pc\/","title":{"rendered":"Milwaukee Jeu de rallonges oscillantes 1\/2IN Drive 3pc"},"content":{"rendered":"<p>1\/2IN Drive Wobble Extension Set 3pc<br \/>\nLa fonction pivotante offre un acc\u00e8s id\u00e9al aux espaces d&#8217;installation restreints et peut \u00e9galement \u00eatre utilis\u00e9e comme une extension standard;Zone de pr\u00e9hension nervur\u00e9e pour une meilleure prise lors du travail avec les mains;Solution compacte pour un rangement id\u00e9al;Le chromage de haute qualit\u00e9 offre une protection id\u00e9ale contre la rouille;Indication de taille moul\u00e9e pour une identification facile<\/p>\n<p>4932480642<br \/>\n4058546409272<\/p>\n","protected":false},"excerpt":{"rendered":"<p>Jeu de rallonges oscillantes 1\/2IN Drive 3pc<\/p>\n","protected":false},"featured_media":553124,"template":"","meta":{"_seopress_robots_primary_cat":"","_seopress_titles_title":"","_seopress_titles_desc":"","_seopress_robots_index":""},"product_brand":[3407],"product_cat":[5416,33],"product_tag":[3270],"class_list":{"0":"post-613846","1":"product","2":"type-product","3":"status-publish","4":"has-post-thumbnail","6":"product_brand-milwaukee","7":"product_cat-utensili-per-officina","8":"product_cat-attrezzature","9":"product_tag-import-milwau","10":"sws-conto-ricavi-merci-rivendita-macchinari-fr","11":"sws-gruppo-iva-iva81-fr","13":"first","14":"onbackorder","15":"sale","16":"shipping-taxable","17":"purchasable","18":"product-type-simple"},"_links":{"self":[{"href":"https:\/\/lucacastelli.com\/fr\/wp-json\/wp\/v2\/product\/613846","targetHints":{"allow":["GET"]}}],"collection":[{"href":"https:\/\/lucacastelli.com\/fr\/wp-json\/wp\/v2\/product"}],"about":[{"href":"https:\/\/lucacastelli.com\/fr\/wp-json\/wp\/v2\/types\/product"}],"wp:featuredmedia":[{"embeddable":true,"href":"https:\/\/lucacastelli.com\/fr\/wp-json\/wp\/v2\/media\/553124"}],"wp:attachment":[{"href":"https:\/\/lucacastelli.com\/fr\/wp-json\/wp\/v2\/media?parent=613846"}],"wp:term":[{"taxonomy":"product_brand","embeddable":true,"href":"https:\/\/lucacastelli.com\/fr\/wp-json\/wp\/v2\/product_brand?post=613846"},{"taxonomy":"product_cat","embeddable":true,"href":"https:\/\/lucacastelli.com\/fr\/wp-json\/wp\/v2\/product_cat?post=613846"},{"taxonomy":"product_tag","embeddable":true,"href":"https:\/\/lucacastelli.com\/fr\/wp-json\/wp\/v2\/product_tag?post=613846"}],"curies":[{"name":"wp","href":"https:\/\/api.w.org\/{rel}","templated":true}]}}