{"id":613827,"date":"2025-08-09T20:07:32","date_gmt":"2025-08-09T18:07:32","guid":{"rendered":"https:\/\/lucacastelli.com\/prodotto\/milwaukee-american-levachiodi-3\/"},"modified":"2025-08-09T20:07:32","modified_gmt":"2025-08-09T18:07:32","slug":"milwaukee-american-levachiodi-3","status":"publish","type":"product","link":"https:\/\/lucacastelli.com\/fr\/produit\/milwaukee-american-levachiodi-3\/","title":{"rendered":"Milwaukee &#8221;American&#8221; Levachiodi"},"content":{"rendered":"<p>AMERICAN NAIL REMOVER 305 mm<br \/>\nLe bord biseaut\u00e9 am\u00e9liore l&#8217;effet de levier et l&#8217;accessibilit\u00e9 lors de l&#8217;enl\u00e8vement des clous, du soul\u00e8vement ou de la traction;Enl\u00e8ve facilement les clous et les agrafes sans endommager la surface de travail ou les mat\u00e9riaux environnants;Renforc\u00e9 pour une meilleure p\u00e9n\u00e9tration des mat\u00e9riaux lors de l&#8217;utilisation d&#8217;un marteau<\/p>\n<p>4932478253<\/p>\n","protected":false},"excerpt":{"rendered":"<p>LEVELLER AMERICAN DEVICE 305 mm<\/p>\n","protected":false},"featured_media":540442,"template":"","meta":{"_seopress_robots_primary_cat":"","_seopress_titles_title":"","_seopress_titles_desc":"","_seopress_robots_index":""},"product_brand":[3407],"product_cat":[5416,33],"product_tag":[3270],"class_list":{"0":"post-613827","1":"product","2":"type-product","3":"status-publish","4":"has-post-thumbnail","6":"product_brand-milwaukee","7":"product_cat-utensili-per-officina","8":"product_cat-attrezzature","9":"product_tag-import-milwau","10":"sws-conto-ricavi-merci-rivendita-macchinari-fr","11":"sws-gruppo-iva-iva81-fr","13":"first","14":"onbackorder","15":"sale","16":"shipping-taxable","17":"purchasable","18":"product-type-simple"},"_links":{"self":[{"href":"https:\/\/lucacastelli.com\/fr\/wp-json\/wp\/v2\/product\/613827","targetHints":{"allow":["GET"]}}],"collection":[{"href":"https:\/\/lucacastelli.com\/fr\/wp-json\/wp\/v2\/product"}],"about":[{"href":"https:\/\/lucacastelli.com\/fr\/wp-json\/wp\/v2\/types\/product"}],"wp:featuredmedia":[{"embeddable":true,"href":"https:\/\/lucacastelli.com\/fr\/wp-json\/wp\/v2\/media\/540442"}],"wp:attachment":[{"href":"https:\/\/lucacastelli.com\/fr\/wp-json\/wp\/v2\/media?parent=613827"}],"wp:term":[{"taxonomy":"product_brand","embeddable":true,"href":"https:\/\/lucacastelli.com\/fr\/wp-json\/wp\/v2\/product_brand?post=613827"},{"taxonomy":"product_cat","embeddable":true,"href":"https:\/\/lucacastelli.com\/fr\/wp-json\/wp\/v2\/product_cat?post=613827"},{"taxonomy":"product_tag","embeddable":true,"href":"https:\/\/lucacastelli.com\/fr\/wp-json\/wp\/v2\/product_tag?post=613827"}],"curies":[{"name":"wp","href":"https:\/\/api.w.org\/{rel}","templated":true}]}}