{"id":613821,"date":"2025-08-09T20:07:31","date_gmt":"2025-08-09T18:07:31","guid":{"rendered":"https:\/\/lucacastelli.com\/prodotto\/milwaukee-levachiodi-japonais-3\/"},"modified":"2025-08-09T20:07:31","modified_gmt":"2025-08-09T18:07:31","slug":"milwaukee-levachiodi-japonais-3","status":"publish","type":"product","link":"https:\/\/lucacastelli.com\/fr\/produit\/milwaukee-levachiodi-japonais-3\/","title":{"rendered":"Milwaukee &#8221;Levachiodi&#8221; &#8221;japonais&#8221;"},"content":{"rendered":"<p>JAPANESE NAIL REMOVER 305 mm<br \/>\nLe design permet de retirer facilement les clous, en minimisant les dommages \u00e0 la surface;L&#8217;extr\u00e9mit\u00e9 \u00e9troite permet d&#8217;atteindre les clous m\u00eame dans les espaces les plus restreints;La poign\u00e9e r\u00e9duit consid\u00e9rablement les vibrations<\/p>\n<p>4932478251<br \/>\n4058546344283<\/p>\n","protected":false},"excerpt":{"rendered":"<p>NIVEAU D&#8217;APPAREIL JAPONAIS 305 mm<\/p>\n","protected":false},"featured_media":540412,"template":"","meta":{"_seopress_robots_primary_cat":"","_seopress_titles_title":"","_seopress_titles_desc":"","_seopress_robots_index":""},"product_brand":[3407],"product_cat":[5416,33],"product_tag":[3270],"class_list":{"0":"post-613821","1":"product","2":"type-product","3":"status-publish","4":"has-post-thumbnail","6":"product_brand-milwaukee","7":"product_cat-utensili-per-officina","8":"product_cat-attrezzature","9":"product_tag-import-milwau","10":"sws-conto-ricavi-merci-rivendita-macchinari-fr","11":"sws-gruppo-iva-iva81-fr","13":"first","14":"onbackorder","15":"sale","16":"shipping-taxable","17":"purchasable","18":"product-type-simple"},"_links":{"self":[{"href":"https:\/\/lucacastelli.com\/fr\/wp-json\/wp\/v2\/product\/613821","targetHints":{"allow":["GET"]}}],"collection":[{"href":"https:\/\/lucacastelli.com\/fr\/wp-json\/wp\/v2\/product"}],"about":[{"href":"https:\/\/lucacastelli.com\/fr\/wp-json\/wp\/v2\/types\/product"}],"wp:featuredmedia":[{"embeddable":true,"href":"https:\/\/lucacastelli.com\/fr\/wp-json\/wp\/v2\/media\/540412"}],"wp:attachment":[{"href":"https:\/\/lucacastelli.com\/fr\/wp-json\/wp\/v2\/media?parent=613821"}],"wp:term":[{"taxonomy":"product_brand","embeddable":true,"href":"https:\/\/lucacastelli.com\/fr\/wp-json\/wp\/v2\/product_brand?post=613821"},{"taxonomy":"product_cat","embeddable":true,"href":"https:\/\/lucacastelli.com\/fr\/wp-json\/wp\/v2\/product_cat?post=613821"},{"taxonomy":"product_tag","embeddable":true,"href":"https:\/\/lucacastelli.com\/fr\/wp-json\/wp\/v2\/product_tag?post=613821"}],"curies":[{"name":"wp","href":"https:\/\/api.w.org\/{rel}","templated":true}]}}