{"id":613816,"date":"2025-08-09T20:07:30","date_gmt":"2025-08-09T18:07:30","guid":{"rendered":"https:\/\/lucacastelli.com\/prodotto\/milwaukee-american-levachiodi\/"},"modified":"2025-08-09T20:07:30","modified_gmt":"2025-08-09T18:07:30","slug":"milwaukee-american-levachiodi","status":"publish","type":"product","link":"https:\/\/lucacastelli.com\/fr\/produit\/milwaukee-american-levachiodi\/","title":{"rendered":"Milwaukee &#8221;American&#8221; Levachiodi"},"content":{"rendered":"<p>AMERICAN&#8221; NAIL REMOVER 533 mm<br \/>\nLe bord biseaut\u00e9 am\u00e9liore l&#8217;effet de levier et l&#8217;accessibilit\u00e9 lorsque l&#8217;on tire sur les clous, que l&#8217;on soul\u00e8ve ou que l&#8217;on fait levier.;Enl\u00e8ve facilement les clous et les agrafes sans endommager la surface de travail ou les mat\u00e9riaux environnants.;Renforc\u00e9 pour une meilleure p\u00e9n\u00e9tration du mat\u00e9riau \u00e0 l&#8217;aide d&#8217;un marteau.<\/p>\n<p>4932492778<br \/>\n4058546476496<\/p>\n","protected":false},"excerpt":{"rendered":"<p>Tiroir &#8220;AMERICAN&#8221; 533 mm<\/p>\n","protected":false},"featured_media":558484,"template":"","meta":{"_seopress_robots_primary_cat":"","_seopress_titles_title":"","_seopress_titles_desc":"","_seopress_robots_index":""},"product_brand":[3407],"product_cat":[5416,33],"product_tag":[3270],"class_list":{"0":"post-613816","1":"product","2":"type-product","3":"status-publish","4":"has-post-thumbnail","6":"product_brand-milwaukee","7":"product_cat-utensili-per-officina","8":"product_cat-attrezzature","9":"product_tag-import-milwau","10":"sws-conto-ricavi-merci-rivendita-macchinari-fr","11":"sws-gruppo-iva-iva81-fr","13":"first","14":"onbackorder","15":"sale","16":"shipping-taxable","17":"purchasable","18":"product-type-simple"},"_links":{"self":[{"href":"https:\/\/lucacastelli.com\/fr\/wp-json\/wp\/v2\/product\/613816","targetHints":{"allow":["GET"]}}],"collection":[{"href":"https:\/\/lucacastelli.com\/fr\/wp-json\/wp\/v2\/product"}],"about":[{"href":"https:\/\/lucacastelli.com\/fr\/wp-json\/wp\/v2\/types\/product"}],"wp:featuredmedia":[{"embeddable":true,"href":"https:\/\/lucacastelli.com\/fr\/wp-json\/wp\/v2\/media\/558484"}],"wp:attachment":[{"href":"https:\/\/lucacastelli.com\/fr\/wp-json\/wp\/v2\/media?parent=613816"}],"wp:term":[{"taxonomy":"product_brand","embeddable":true,"href":"https:\/\/lucacastelli.com\/fr\/wp-json\/wp\/v2\/product_brand?post=613816"},{"taxonomy":"product_cat","embeddable":true,"href":"https:\/\/lucacastelli.com\/fr\/wp-json\/wp\/v2\/product_cat?post=613816"},{"taxonomy":"product_tag","embeddable":true,"href":"https:\/\/lucacastelli.com\/fr\/wp-json\/wp\/v2\/product_tag?post=613816"}],"curies":[{"name":"wp","href":"https:\/\/api.w.org\/{rel}","templated":true}]}}