{"id":613813,"date":"2025-08-09T20:07:28","date_gmt":"2025-08-09T18:07:28","guid":{"rendered":"https:\/\/lucacastelli.com\/prodotto\/pince-japonaise-milwaukee-a-bout-plat\/"},"modified":"2025-08-09T20:07:28","modified_gmt":"2025-08-09T18:07:28","slug":"pince-japonaise-milwaukee-a-bout-plat","status":"publish","type":"product","link":"https:\/\/lucacastelli.com\/fr\/produit\/pince-japonaise-milwaukee-a-bout-plat\/","title":{"rendered":"Pince &#8221;japonaise&#8221; Milwaukee \u00e0 bout plat"},"content":{"rendered":"<p>LEVIER DE CLOUS JAPONAIS ESTR FLAT254mm<br \/>\nExtr\u00e9mit\u00e9 \u00e9troite pour les applications dans les espaces confin\u00e9s tels que les plinthes;La conception permet de retirer facilement les clous, en minimisant les dommages \u00e0 la surface;La poign\u00e9e r\u00e9duit consid\u00e9rablement les vibrations<\/p>\n<p>4932478252<\/p>\n","protected":false},"excerpt":{"rendered":"<p>NIVEAU D&#8217;APPAREIL JAPONAIS EXTR FLAT254mm<\/p>\n","protected":false},"featured_media":540421,"template":"","meta":{"_seopress_robots_primary_cat":"","_seopress_titles_title":"","_seopress_titles_desc":"","_seopress_robots_index":""},"product_brand":[3407],"product_cat":[5416,33],"product_tag":[3270],"class_list":{"0":"post-613813","1":"product","2":"type-product","3":"status-publish","4":"has-post-thumbnail","6":"product_brand-milwaukee","7":"product_cat-utensili-per-officina","8":"product_cat-attrezzature","9":"product_tag-import-milwau","10":"sws-conto-ricavi-merci-rivendita-macchinari-fr","11":"sws-gruppo-iva-iva81-fr","13":"first","14":"onbackorder","15":"sale","16":"shipping-taxable","17":"purchasable","18":"product-type-simple"},"_links":{"self":[{"href":"https:\/\/lucacastelli.com\/fr\/wp-json\/wp\/v2\/product\/613813","targetHints":{"allow":["GET"]}}],"collection":[{"href":"https:\/\/lucacastelli.com\/fr\/wp-json\/wp\/v2\/product"}],"about":[{"href":"https:\/\/lucacastelli.com\/fr\/wp-json\/wp\/v2\/types\/product"}],"wp:featuredmedia":[{"embeddable":true,"href":"https:\/\/lucacastelli.com\/fr\/wp-json\/wp\/v2\/media\/540421"}],"wp:attachment":[{"href":"https:\/\/lucacastelli.com\/fr\/wp-json\/wp\/v2\/media?parent=613813"}],"wp:term":[{"taxonomy":"product_brand","embeddable":true,"href":"https:\/\/lucacastelli.com\/fr\/wp-json\/wp\/v2\/product_brand?post=613813"},{"taxonomy":"product_cat","embeddable":true,"href":"https:\/\/lucacastelli.com\/fr\/wp-json\/wp\/v2\/product_cat?post=613813"},{"taxonomy":"product_tag","embeddable":true,"href":"https:\/\/lucacastelli.com\/fr\/wp-json\/wp\/v2\/product_tag?post=613813"}],"curies":[{"name":"wp","href":"https:\/\/api.w.org\/{rel}","templated":true}]}}