{"id":613811,"date":"2025-08-09T20:07:26","date_gmt":"2025-08-09T18:07:26","guid":{"rendered":"https:\/\/lucacastelli.com\/prodotto\/milwaukee-leviers-a-extremite-inclinee-6\/"},"modified":"2025-08-09T20:07:26","modified_gmt":"2025-08-09T18:07:26","slug":"milwaukee-leviers-a-extremite-inclinee-6","status":"publish","type":"product","link":"https:\/\/lucacastelli.com\/fr\/produit\/milwaukee-leviers-a-extremite-inclinee-6\/","title":{"rendered":"Milwaukee Leviers \u00e0 extr\u00e9mit\u00e9 inclin\u00e9e"},"content":{"rendered":"<p>LEVIER AVEC RALLONGE INCLUSE 900 mm<br \/>\nDesign con\u00e7u pour une durabilit\u00e9 maximale.;L&#8217;\u00e2me m\u00e9tallique interne garantit une dur\u00e9e de vie jusqu&#8217;\u00e0 40 % plus longue.;Extr\u00e9mit\u00e9 robuste pour marteler dans les espaces restreints.;Poign\u00e9e \u00e0 trois c\u00f4t\u00e9s pour une prise en main maximale.;Chromage pour une durabilit\u00e9 accrue.;Tige plate pour r\u00e9duire les dommages lors de l&#8217;arrachage des clous.<\/p>\n<p>4932480599<br \/>\n4058546408848<\/p>\n","protected":false},"excerpt":{"rendered":"<p>LEVIER AVEC RALLONGE INCLUSE 900 mm<\/p>\n","protected":false},"featured_media":552697,"template":"","meta":{"_seopress_robots_primary_cat":"","_seopress_titles_title":"","_seopress_titles_desc":"","_seopress_robots_index":""},"product_brand":[3407],"product_cat":[5416,33],"product_tag":[3270],"class_list":{"0":"post-613811","1":"product","2":"type-product","3":"status-publish","4":"has-post-thumbnail","6":"product_brand-milwaukee","7":"product_cat-utensili-per-officina","8":"product_cat-attrezzature","9":"product_tag-import-milwau","10":"sws-conto-ricavi-merci-rivendita-macchinari-fr","11":"sws-gruppo-iva-iva81-fr","13":"first","14":"onbackorder","15":"sale","16":"shipping-taxable","17":"purchasable","18":"product-type-simple"},"_links":{"self":[{"href":"https:\/\/lucacastelli.com\/fr\/wp-json\/wp\/v2\/product\/613811","targetHints":{"allow":["GET"]}}],"collection":[{"href":"https:\/\/lucacastelli.com\/fr\/wp-json\/wp\/v2\/product"}],"about":[{"href":"https:\/\/lucacastelli.com\/fr\/wp-json\/wp\/v2\/types\/product"}],"wp:featuredmedia":[{"embeddable":true,"href":"https:\/\/lucacastelli.com\/fr\/wp-json\/wp\/v2\/media\/552697"}],"wp:attachment":[{"href":"https:\/\/lucacastelli.com\/fr\/wp-json\/wp\/v2\/media?parent=613811"}],"wp:term":[{"taxonomy":"product_brand","embeddable":true,"href":"https:\/\/lucacastelli.com\/fr\/wp-json\/wp\/v2\/product_brand?post=613811"},{"taxonomy":"product_cat","embeddable":true,"href":"https:\/\/lucacastelli.com\/fr\/wp-json\/wp\/v2\/product_cat?post=613811"},{"taxonomy":"product_tag","embeddable":true,"href":"https:\/\/lucacastelli.com\/fr\/wp-json\/wp\/v2\/product_tag?post=613811"}],"curies":[{"name":"wp","href":"https:\/\/api.w.org\/{rel}","templated":true}]}}