{"id":613805,"date":"2025-08-09T20:07:25","date_gmt":"2025-08-09T18:07:25","guid":{"rendered":"https:\/\/lucacastelli.com\/prodotto\/milwaukee-leviers-a-extremite-inclinee-4\/"},"modified":"2025-08-09T20:07:25","modified_gmt":"2025-08-09T18:07:25","slug":"milwaukee-leviers-a-extremite-inclinee-4","status":"publish","type":"product","link":"https:\/\/lucacastelli.com\/fr\/produit\/milwaukee-leviers-a-extremite-inclinee-4\/","title":{"rendered":"Milwaukee Leviers \u00e0 extr\u00e9mit\u00e9 inclin\u00e9e"},"content":{"rendered":"<p>LEVIER AVEC RALLONGE INCLUSE 600 mm<br \/>\nDesign con\u00e7u pour une durabilit\u00e9 maximale;Le noyau m\u00e9tallique offre jusqu&#8217;\u00e0 40 % de durabilit\u00e9 en plus;Extr\u00e9mit\u00e9 forte pour marteler dans les espaces restreints;Poign\u00e9e \u00e0 trois c\u00f4t\u00e9s pour une prise maximale;Chrom\u00e9 pour la durabilit\u00e9;Extr\u00e9mit\u00e9 plate pour r\u00e9duire les dommages lors de l&#8217;enl\u00e8vement des clous<\/p>\n<p>4932480598<br \/>\n4058546408831<\/p>\n","protected":false},"excerpt":{"rendered":"<p>LEVIER AVEC RALLONGE INCLUSE 600 mm<\/p>\n","protected":false},"featured_media":552688,"template":"","meta":{"_seopress_robots_primary_cat":"","_seopress_titles_title":"","_seopress_titles_desc":"","_seopress_robots_index":""},"product_brand":[3407],"product_cat":[5416,33],"product_tag":[3270],"class_list":{"0":"post-613805","1":"product","2":"type-product","3":"status-publish","4":"has-post-thumbnail","6":"product_brand-milwaukee","7":"product_cat-utensili-per-officina","8":"product_cat-attrezzature","9":"product_tag-import-milwau","10":"sws-conto-ricavi-merci-rivendita-macchinari-fr","11":"sws-gruppo-iva-iva81-fr","13":"first","14":"onbackorder","15":"sale","16":"shipping-taxable","17":"purchasable","18":"product-type-simple"},"_links":{"self":[{"href":"https:\/\/lucacastelli.com\/fr\/wp-json\/wp\/v2\/product\/613805","targetHints":{"allow":["GET"]}}],"collection":[{"href":"https:\/\/lucacastelli.com\/fr\/wp-json\/wp\/v2\/product"}],"about":[{"href":"https:\/\/lucacastelli.com\/fr\/wp-json\/wp\/v2\/types\/product"}],"wp:featuredmedia":[{"embeddable":true,"href":"https:\/\/lucacastelli.com\/fr\/wp-json\/wp\/v2\/media\/552688"}],"wp:attachment":[{"href":"https:\/\/lucacastelli.com\/fr\/wp-json\/wp\/v2\/media?parent=613805"}],"wp:term":[{"taxonomy":"product_brand","embeddable":true,"href":"https:\/\/lucacastelli.com\/fr\/wp-json\/wp\/v2\/product_brand?post=613805"},{"taxonomy":"product_cat","embeddable":true,"href":"https:\/\/lucacastelli.com\/fr\/wp-json\/wp\/v2\/product_cat?post=613805"},{"taxonomy":"product_tag","embeddable":true,"href":"https:\/\/lucacastelli.com\/fr\/wp-json\/wp\/v2\/product_tag?post=613805"}],"curies":[{"name":"wp","href":"https:\/\/api.w.org\/{rel}","templated":true}]}}