{"id":613800,"date":"2025-08-09T20:07:24","date_gmt":"2025-08-09T18:07:24","guid":{"rendered":"https:\/\/lucacastelli.com\/prodotto\/milwaukee-levachiodi-japonais\/"},"modified":"2025-08-09T20:07:24","modified_gmt":"2025-08-09T18:07:24","slug":"milwaukee-levachiodi-japonais","status":"publish","type":"product","link":"https:\/\/lucacastelli.com\/fr\/produit\/milwaukee-levachiodi-japonais\/","title":{"rendered":"Milwaukee &#8221;Levachiodi&#8221; &#8221;japonais&#8221;"},"content":{"rendered":"<p>ENLEVE-N\u0152U JAPONAIS 254 mm<br \/>\nLa conception permet d&#8217;enlever facilement les clous, en minimisant les dommages \u00e0 la surface;L&#8217;extr\u00e9mit\u00e9 fine permet d&#8217;atteindre les clous m\u00eame dans les espaces les plus \u00e9troits;La poign\u00e9e r\u00e9duit consid\u00e9rablement les vibrations<\/p>\n<p>4932478250<\/p>\n","protected":false},"excerpt":{"rendered":"<p>COUTEAU JAPONAIS 254 mm<\/p>\n","protected":false},"featured_media":540371,"template":"","meta":{"_seopress_robots_primary_cat":"","_seopress_titles_title":"","_seopress_titles_desc":"","_seopress_robots_index":""},"product_brand":[3407],"product_cat":[5416,33],"product_tag":[3270],"class_list":{"0":"post-613800","1":"product","2":"type-product","3":"status-publish","4":"has-post-thumbnail","6":"product_brand-milwaukee","7":"product_cat-utensili-per-officina","8":"product_cat-attrezzature","9":"product_tag-import-milwau","10":"sws-conto-ricavi-merci-rivendita-macchinari-fr","11":"sws-gruppo-iva-iva81-fr","13":"first","14":"onbackorder","15":"sale","16":"shipping-taxable","17":"purchasable","18":"product-type-simple"},"_links":{"self":[{"href":"https:\/\/lucacastelli.com\/fr\/wp-json\/wp\/v2\/product\/613800","targetHints":{"allow":["GET"]}}],"collection":[{"href":"https:\/\/lucacastelli.com\/fr\/wp-json\/wp\/v2\/product"}],"about":[{"href":"https:\/\/lucacastelli.com\/fr\/wp-json\/wp\/v2\/types\/product"}],"wp:featuredmedia":[{"embeddable":true,"href":"https:\/\/lucacastelli.com\/fr\/wp-json\/wp\/v2\/media\/540371"}],"wp:attachment":[{"href":"https:\/\/lucacastelli.com\/fr\/wp-json\/wp\/v2\/media?parent=613800"}],"wp:term":[{"taxonomy":"product_brand","embeddable":true,"href":"https:\/\/lucacastelli.com\/fr\/wp-json\/wp\/v2\/product_brand?post=613800"},{"taxonomy":"product_cat","embeddable":true,"href":"https:\/\/lucacastelli.com\/fr\/wp-json\/wp\/v2\/product_cat?post=613800"},{"taxonomy":"product_tag","embeddable":true,"href":"https:\/\/lucacastelli.com\/fr\/wp-json\/wp\/v2\/product_tag?post=613800"}],"curies":[{"name":"wp","href":"https:\/\/api.w.org\/{rel}","templated":true}]}}