{"id":613782,"date":"2025-08-09T20:02:25","date_gmt":"2025-08-09T18:02:25","guid":{"rendered":"https:\/\/lucacastelli.com\/prodotto\/milwaukee-marteau-a-manche-en-fibre-de-verre-de-type-allemand-2\/"},"modified":"2025-08-09T20:02:25","modified_gmt":"2025-08-09T18:02:25","slug":"milwaukee-marteau-a-manche-en-fibre-de-verre-de-type-allemand-2","status":"publish","type":"product","link":"https:\/\/lucacastelli.com\/fr\/produit\/milwaukee-marteau-a-manche-en-fibre-de-verre-de-type-allemand-2\/","title":{"rendered":"Milwaukee Marteau \u00e0 manche en fibre de verre de type allemand."},"content":{"rendered":"<p>MANCHE EN FIBRE DE VERRE DE TYPE ALLEMAND800g<br \/>\nManche renforc\u00e9 en fibre de verre;Poign\u00e9e durable et prise en main maximale;T\u00eate renforc\u00e9e pour une meilleure durabilit\u00e9;Equilibre parfait;DIN 1041<\/p>\n<p>4932478664<br \/>\n4058546348571<\/p>\n","protected":false},"excerpt":{"rendered":"<p>FIBRE DE VERRE DE TYPE ALLEMAND MARTMANIC800g<\/p>\n","protected":false},"featured_media":541570,"template":"","meta":{"_seopress_robots_primary_cat":"","_seopress_titles_title":"","_seopress_titles_desc":"","_seopress_robots_index":""},"product_brand":[3407],"product_cat":[5416,33],"product_tag":[3270],"class_list":{"0":"post-613782","1":"product","2":"type-product","3":"status-publish","4":"has-post-thumbnail","6":"product_brand-milwaukee","7":"product_cat-utensili-per-officina","8":"product_cat-attrezzature","9":"product_tag-import-milwau","10":"sws-conto-ricavi-merci-rivendita-macchinari-fr","11":"sws-gruppo-iva-iva81-fr","13":"first","14":"onbackorder","15":"sale","16":"shipping-taxable","17":"purchasable","18":"product-type-simple"},"_links":{"self":[{"href":"https:\/\/lucacastelli.com\/fr\/wp-json\/wp\/v2\/product\/613782","targetHints":{"allow":["GET"]}}],"collection":[{"href":"https:\/\/lucacastelli.com\/fr\/wp-json\/wp\/v2\/product"}],"about":[{"href":"https:\/\/lucacastelli.com\/fr\/wp-json\/wp\/v2\/types\/product"}],"wp:featuredmedia":[{"embeddable":true,"href":"https:\/\/lucacastelli.com\/fr\/wp-json\/wp\/v2\/media\/541570"}],"wp:attachment":[{"href":"https:\/\/lucacastelli.com\/fr\/wp-json\/wp\/v2\/media?parent=613782"}],"wp:term":[{"taxonomy":"product_brand","embeddable":true,"href":"https:\/\/lucacastelli.com\/fr\/wp-json\/wp\/v2\/product_brand?post=613782"},{"taxonomy":"product_cat","embeddable":true,"href":"https:\/\/lucacastelli.com\/fr\/wp-json\/wp\/v2\/product_cat?post=613782"},{"taxonomy":"product_tag","embeddable":true,"href":"https:\/\/lucacastelli.com\/fr\/wp-json\/wp\/v2\/product_tag?post=613782"}],"curies":[{"name":"wp","href":"https:\/\/api.w.org\/{rel}","templated":true}]}}