{"id":613777,"date":"2025-08-09T20:02:26","date_gmt":"2025-08-09T18:02:26","guid":{"rendered":"https:\/\/lucacastelli.com\/prodotto\/milwaukee-marteau-a-manche-en-fibre-de-verre-de-type-allemand\/"},"modified":"2025-08-09T20:02:26","modified_gmt":"2025-08-09T18:02:26","slug":"milwaukee-marteau-a-manche-en-fibre-de-verre-de-type-allemand","status":"publish","type":"product","link":"https:\/\/lucacastelli.com\/fr\/produit\/milwaukee-marteau-a-manche-en-fibre-de-verre-de-type-allemand\/","title":{"rendered":"Milwaukee Marteau \u00e0 manche en fibre de verre de type allemand."},"content":{"rendered":"<p>MART MANCHE EN FIBRE DE VERRE TYPE ALLEMAGNE200g<br \/>\nManche renforc\u00e9 en fibre de verre;Poign\u00e9e durable et prise en main maximale;T\u00eate renforc\u00e9e pour une meilleure durabilit\u00e9;Equilibre parfait;DIN 1041<\/p>\n<p>4932478661<br \/>\n4058546348540<\/p>\n","protected":false},"excerpt":{"rendered":"<p>MART FIBRE DE VERRE MANCHE DE TYPE ALLEMAND200g<\/p>\n","protected":false},"featured_media":541551,"template":"","meta":{"_seopress_robots_primary_cat":"","_seopress_titles_title":"","_seopress_titles_desc":"","_seopress_robots_index":""},"product_brand":[3407],"product_cat":[5416,33],"product_tag":[3270],"class_list":{"0":"post-613777","1":"product","2":"type-product","3":"status-publish","4":"has-post-thumbnail","6":"product_brand-milwaukee","7":"product_cat-utensili-per-officina","8":"product_cat-attrezzature","9":"product_tag-import-milwau","10":"sws-conto-ricavi-merci-rivendita-macchinari-fr","11":"sws-gruppo-iva-iva81-fr","13":"first","14":"onbackorder","15":"sale","16":"shipping-taxable","17":"purchasable","18":"product-type-simple"},"_links":{"self":[{"href":"https:\/\/lucacastelli.com\/fr\/wp-json\/wp\/v2\/product\/613777","targetHints":{"allow":["GET"]}}],"collection":[{"href":"https:\/\/lucacastelli.com\/fr\/wp-json\/wp\/v2\/product"}],"about":[{"href":"https:\/\/lucacastelli.com\/fr\/wp-json\/wp\/v2\/types\/product"}],"wp:featuredmedia":[{"embeddable":true,"href":"https:\/\/lucacastelli.com\/fr\/wp-json\/wp\/v2\/media\/541551"}],"wp:attachment":[{"href":"https:\/\/lucacastelli.com\/fr\/wp-json\/wp\/v2\/media?parent=613777"}],"wp:term":[{"taxonomy":"product_brand","embeddable":true,"href":"https:\/\/lucacastelli.com\/fr\/wp-json\/wp\/v2\/product_brand?post=613777"},{"taxonomy":"product_cat","embeddable":true,"href":"https:\/\/lucacastelli.com\/fr\/wp-json\/wp\/v2\/product_cat?post=613777"},{"taxonomy":"product_tag","embeddable":true,"href":"https:\/\/lucacastelli.com\/fr\/wp-json\/wp\/v2\/product_tag?post=613777"}],"curies":[{"name":"wp","href":"https:\/\/api.w.org\/{rel}","templated":true}]}}