{"id":613776,"date":"2025-08-09T20:02:24","date_gmt":"2025-08-09T18:02:24","guid":{"rendered":"https:\/\/lucacastelli.com\/prodotto\/milwaukee-marteau-a-percussion-a-billes\/"},"modified":"2025-08-09T20:02:24","modified_gmt":"2025-08-09T18:02:24","slug":"milwaukee-marteau-a-percussion-a-billes","status":"publish","type":"product","link":"https:\/\/lucacastelli.com\/fr\/produit\/milwaukee-marteau-a-percussion-a-billes\/","title":{"rendered":"Milwaukee Marteau \u00e0 percussion \u00e0 billes"},"content":{"rendered":"<p>MARTEAU AVEC STYLO SPHERIQUE 450g<br \/>\nPoign\u00e9e SHOCKSHIELD\u2122 absorbant les chocs pour r\u00e9duire les vibrations de la pointe;\u00c9quilibrage pr\u00e9cis pour assurer un meilleur contr\u00f4le;La forme en I de la poign\u00e9e r\u00e9siste \u00e0 la flexion pendant les travaux d&#8217;enl\u00e8vement;M\u00e9tal durable sur la t\u00eate et le stylo pour \u00e9viter les \u00e9br\u00e9chures;Conception antid\u00e9rapante sur la poign\u00e9e<\/p>\n<p>4932492346<br \/>\n4058546417130.<\/p>\n","protected":false},"excerpt":{"rendered":"<p>Marteau avec stylo \u00e0 bille 450g<\/p>\n","protected":false},"featured_media":555914,"template":"","meta":{"_seopress_robots_primary_cat":"","_seopress_titles_title":"","_seopress_titles_desc":"","_seopress_robots_index":""},"product_brand":[3407],"product_cat":[5416,33],"product_tag":[3270],"class_list":{"0":"post-613776","1":"product","2":"type-product","3":"status-publish","4":"has-post-thumbnail","6":"product_brand-milwaukee","7":"product_cat-utensili-per-officina","8":"product_cat-attrezzature","9":"product_tag-import-milwau","10":"sws-conto-ricavi-merci-rivendita-macchinari-fr","11":"sws-gruppo-iva-iva81-fr","13":"first","14":"onbackorder","15":"sale","16":"shipping-taxable","17":"purchasable","18":"product-type-simple"},"_links":{"self":[{"href":"https:\/\/lucacastelli.com\/fr\/wp-json\/wp\/v2\/product\/613776","targetHints":{"allow":["GET"]}}],"collection":[{"href":"https:\/\/lucacastelli.com\/fr\/wp-json\/wp\/v2\/product"}],"about":[{"href":"https:\/\/lucacastelli.com\/fr\/wp-json\/wp\/v2\/types\/product"}],"wp:featuredmedia":[{"embeddable":true,"href":"https:\/\/lucacastelli.com\/fr\/wp-json\/wp\/v2\/media\/555914"}],"wp:attachment":[{"href":"https:\/\/lucacastelli.com\/fr\/wp-json\/wp\/v2\/media?parent=613776"}],"wp:term":[{"taxonomy":"product_brand","embeddable":true,"href":"https:\/\/lucacastelli.com\/fr\/wp-json\/wp\/v2\/product_brand?post=613776"},{"taxonomy":"product_cat","embeddable":true,"href":"https:\/\/lucacastelli.com\/fr\/wp-json\/wp\/v2\/product_cat?post=613776"},{"taxonomy":"product_tag","embeddable":true,"href":"https:\/\/lucacastelli.com\/fr\/wp-json\/wp\/v2\/product_tag?post=613776"}],"curies":[{"name":"wp","href":"https:\/\/api.w.org\/{rel}","templated":true}]}}