{"id":613771,"date":"2025-08-09T20:02:23","date_gmt":"2025-08-09T18:02:23","guid":{"rendered":"https:\/\/lucacastelli.com\/prodotto\/milwaukee-marteau-de-charpentier-avec-manche-en-fibre-de-verre\/"},"modified":"2025-08-09T20:02:23","modified_gmt":"2025-08-09T18:02:23","slug":"milwaukee-marteau-de-charpentier-avec-manche-en-fibre-de-verre","status":"publish","type":"product","link":"https:\/\/lucacastelli.com\/fr\/produit\/milwaukee-marteau-de-charpentier-avec-manche-en-fibre-de-verre\/","title":{"rendered":"Milwaukee Marteau de charpentier avec manche en fibre de verre."},"content":{"rendered":"<p>MART MANCHE EN FIBRE DE VERRE CARPENT570g<br \/>\nPoign\u00e9e renforc\u00e9e en fibre de verre;Prise durable et adh\u00e9rence maximale;La griffe incurv\u00e9e r\u00e9duit les dommages lors de l&#8217;extraction de l&#8217;ongle;Prise magn\u00e9tique pour une s\u00e9curit\u00e9 maximale;Equilibre parfait<\/p>\n<p>4932478658<br \/>\n4058546348519<\/p>\n","protected":false},"excerpt":{"rendered":"<p>MART Manche en fibre de verre CARPENT570g<\/p>\n","protected":false},"featured_media":541523,"template":"","meta":{"_seopress_robots_primary_cat":"","_seopress_titles_title":"","_seopress_titles_desc":"","_seopress_robots_index":""},"product_brand":[3407],"product_cat":[5416,33],"product_tag":[3270],"class_list":{"0":"post-613771","1":"product","2":"type-product","3":"status-publish","4":"has-post-thumbnail","6":"product_brand-milwaukee","7":"product_cat-utensili-per-officina","8":"product_cat-attrezzature","9":"product_tag-import-milwau","10":"sws-conto-ricavi-merci-rivendita-macchinari-fr","11":"sws-gruppo-iva-iva81-fr","13":"first","14":"onbackorder","15":"sale","16":"shipping-taxable","17":"purchasable","18":"product-type-simple"},"_links":{"self":[{"href":"https:\/\/lucacastelli.com\/fr\/wp-json\/wp\/v2\/product\/613771","targetHints":{"allow":["GET"]}}],"collection":[{"href":"https:\/\/lucacastelli.com\/fr\/wp-json\/wp\/v2\/product"}],"about":[{"href":"https:\/\/lucacastelli.com\/fr\/wp-json\/wp\/v2\/types\/product"}],"wp:featuredmedia":[{"embeddable":true,"href":"https:\/\/lucacastelli.com\/fr\/wp-json\/wp\/v2\/media\/541523"}],"wp:attachment":[{"href":"https:\/\/lucacastelli.com\/fr\/wp-json\/wp\/v2\/media?parent=613771"}],"wp:term":[{"taxonomy":"product_brand","embeddable":true,"href":"https:\/\/lucacastelli.com\/fr\/wp-json\/wp\/v2\/product_brand?post=613771"},{"taxonomy":"product_cat","embeddable":true,"href":"https:\/\/lucacastelli.com\/fr\/wp-json\/wp\/v2\/product_cat?post=613771"},{"taxonomy":"product_tag","embeddable":true,"href":"https:\/\/lucacastelli.com\/fr\/wp-json\/wp\/v2\/product_tag?post=613771"}],"curies":[{"name":"wp","href":"https:\/\/api.w.org\/{rel}","templated":true}]}}