{"id":613752,"date":"2025-08-09T19:53:11","date_gmt":"2025-08-09T17:53:11","guid":{"rendered":"https:\/\/lucacastelli.com\/prodotto\/milwaukee-bandes-abrasives-en-tissu-330-x-10-et-457-x-13-mm-6\/"},"modified":"2025-08-09T19:53:11","modified_gmt":"2025-08-09T17:53:11","slug":"milwaukee-bandes-abrasives-en-tissu-330-x-10-et-457-x-13-mm-6","status":"publish","type":"product","link":"https:\/\/lucacastelli.com\/fr\/produit\/milwaukee-bandes-abrasives-en-tissu-330-x-10-et-457-x-13-mm-6\/","title":{"rendered":"Milwaukee Bandes abrasives en tissu 330 x 10 et 457 x 13 mm."},"content":{"rendered":"<p>ABR TAPE 10x330MM GROSSOLAN &#8211; 5pcs<br \/>\nBandes en nylonvlies avec des grains abrasifs pour le traitement de surface sans endommager ou enlever le mat\u00e9riau de base, pour le meulage, l&#8217;\u00e9bavurage, le matage et la finition sur tous les m\u00e9taux (\u00e9galement l&#8217;acier inoxydable)<\/p>\n<p>4932492877 4058546477486<\/p>\n","protected":false},"excerpt":{"rendered":"<p>ABR TAPE 10x330MM GROSSOLAN &#8211; 5pcs.<\/p>\n","protected":false},"featured_media":558759,"template":"","meta":{"_seopress_robots_primary_cat":"","_seopress_titles_title":"","_seopress_titles_desc":"","_seopress_robots_index":""},"product_brand":[3407],"product_cat":[5416,33],"product_tag":[3270],"class_list":{"0":"post-613752","1":"product","2":"type-product","3":"status-publish","4":"has-post-thumbnail","6":"product_brand-milwaukee","7":"product_cat-utensili-per-officina","8":"product_cat-attrezzature","9":"product_tag-import-milwau","10":"sws-conto-ricavi-merci-rivendita-macchinari-fr","11":"sws-gruppo-iva-iva81-fr","13":"first","14":"onbackorder","15":"sale","16":"shipping-taxable","17":"purchasable","18":"product-type-simple"},"_links":{"self":[{"href":"https:\/\/lucacastelli.com\/fr\/wp-json\/wp\/v2\/product\/613752","targetHints":{"allow":["GET"]}}],"collection":[{"href":"https:\/\/lucacastelli.com\/fr\/wp-json\/wp\/v2\/product"}],"about":[{"href":"https:\/\/lucacastelli.com\/fr\/wp-json\/wp\/v2\/types\/product"}],"wp:featuredmedia":[{"embeddable":true,"href":"https:\/\/lucacastelli.com\/fr\/wp-json\/wp\/v2\/media\/558759"}],"wp:attachment":[{"href":"https:\/\/lucacastelli.com\/fr\/wp-json\/wp\/v2\/media?parent=613752"}],"wp:term":[{"taxonomy":"product_brand","embeddable":true,"href":"https:\/\/lucacastelli.com\/fr\/wp-json\/wp\/v2\/product_brand?post=613752"},{"taxonomy":"product_cat","embeddable":true,"href":"https:\/\/lucacastelli.com\/fr\/wp-json\/wp\/v2\/product_cat?post=613752"},{"taxonomy":"product_tag","embeddable":true,"href":"https:\/\/lucacastelli.com\/fr\/wp-json\/wp\/v2\/product_tag?post=613752"}],"curies":[{"name":"wp","href":"https:\/\/api.w.org\/{rel}","templated":true}]}}