{"id":613735,"date":"2025-08-09T19:52:44","date_gmt":"2025-08-09T17:52:44","guid":{"rendered":"https:\/\/lucacastelli.com\/prodotto\/milwaukee-abr-tape-100x560mm-g80-5-pcs\/"},"modified":"2025-08-09T19:52:44","modified_gmt":"2025-08-09T17:52:44","slug":"milwaukee-abr-tape-100x560mm-g80-5-pcs","status":"publish","type":"product","link":"https:\/\/lucacastelli.com\/fr\/produit\/milwaukee-abr-tape-100x560mm-g80-5-pcs\/","title":{"rendered":"Milwaukee ABR TAPE 100x560MM G80 &#8211; 5 pcs."},"content":{"rendered":"<p>ABR BELT 100x560MM G80 &#8211; 5pcs<br \/>\nBandes abrasives pour le bois, le m\u00e9tal, la peinture, le pl\u00e2tre, le grain d&#8217;oxyde d&#8217;aluminium coul\u00e9, semi-ouvert ; r\u00e9sine synth\u00e9tique coll\u00e9e sur un tissu sp\u00e9cial ; convient aux ponceuses \u00e0 bande BS 100 LE<\/p>\n<p>4932492288<br \/>\n4058546416553<\/p>\n","protected":false},"excerpt":{"rendered":"<p>ABR TAPE 100x560MM G80 &#8211; 5pcs.<\/p>\n","protected":false},"featured_media":555728,"template":"","meta":{"_seopress_robots_primary_cat":"","_seopress_titles_title":"","_seopress_titles_desc":"","_seopress_robots_index":""},"product_brand":[3407],"product_cat":[5416,33],"product_tag":[3270],"class_list":{"0":"post-613735","1":"product","2":"type-product","3":"status-publish","4":"has-post-thumbnail","6":"product_brand-milwaukee","7":"product_cat-utensili-per-officina","8":"product_cat-attrezzature","9":"product_tag-import-milwau","10":"sws-conto-ricavi-merci-rivendita-macchinari-fr","11":"sws-gruppo-iva-iva81-fr","13":"first","14":"onbackorder","15":"sale","16":"shipping-taxable","17":"purchasable","18":"product-type-simple"},"_links":{"self":[{"href":"https:\/\/lucacastelli.com\/fr\/wp-json\/wp\/v2\/product\/613735","targetHints":{"allow":["GET"]}}],"collection":[{"href":"https:\/\/lucacastelli.com\/fr\/wp-json\/wp\/v2\/product"}],"about":[{"href":"https:\/\/lucacastelli.com\/fr\/wp-json\/wp\/v2\/types\/product"}],"wp:featuredmedia":[{"embeddable":true,"href":"https:\/\/lucacastelli.com\/fr\/wp-json\/wp\/v2\/media\/555728"}],"wp:attachment":[{"href":"https:\/\/lucacastelli.com\/fr\/wp-json\/wp\/v2\/media?parent=613735"}],"wp:term":[{"taxonomy":"product_brand","embeddable":true,"href":"https:\/\/lucacastelli.com\/fr\/wp-json\/wp\/v2\/product_brand?post=613735"},{"taxonomy":"product_cat","embeddable":true,"href":"https:\/\/lucacastelli.com\/fr\/wp-json\/wp\/v2\/product_cat?post=613735"},{"taxonomy":"product_tag","embeddable":true,"href":"https:\/\/lucacastelli.com\/fr\/wp-json\/wp\/v2\/product_tag?post=613735"}],"curies":[{"name":"wp","href":"https:\/\/api.w.org\/{rel}","templated":true}]}}