{"id":613729,"date":"2025-08-09T19:52:43","date_gmt":"2025-08-09T17:52:43","guid":{"rendered":"https:\/\/lucacastelli.com\/prodotto\/milwaukee-ruban-emer-75x457-g100\/"},"modified":"2025-08-09T19:52:43","modified_gmt":"2025-08-09T17:52:43","slug":"milwaukee-ruban-emer-75x457-g100","status":"publish","type":"product","link":"https:\/\/lucacastelli.com\/fr\/produit\/milwaukee-ruban-emer-75x457-g100\/","title":{"rendered":"MILWAUKEE RUBAN EMER. 75X457 G100"},"content":{"rendered":"<p>RUBAN \u00c0 GAUFRER. 75X457 G100<br \/>\nRuban \u00e9meri en tissu pour le bois, le m\u00e9tal, la peinture, la laque, le pl\u00e2tre;Type de grain : oxyde d&#8217;aluminium;Coll\u00e9 avec de la r\u00e9sine artificielle sur un tissu sp\u00e9cial;Ruban \u00e9meri 75 x 457 mm;pour ponceuse \u00e0 bande M18. <\/p>\n<p>4932480549<br \/>\n4058546408343<\/p>\n","protected":false},"excerpt":{"rendered":"<p>BANDE SMER. 75X457 G100 <\/p>\n","protected":false},"featured_media":552279,"template":"","meta":{"_seopress_robots_primary_cat":"","_seopress_titles_title":"","_seopress_titles_desc":"","_seopress_robots_index":""},"product_brand":[3407],"product_cat":[5416,33],"product_tag":[3270],"class_list":{"0":"post-613729","1":"product","2":"type-product","3":"status-publish","4":"has-post-thumbnail","6":"product_brand-milwaukee","7":"product_cat-utensili-per-officina","8":"product_cat-attrezzature","9":"product_tag-import-milwau","10":"sws-conto-ricavi-merci-rivendita-macchinari-fr","11":"sws-gruppo-iva-iva81-fr","13":"first","14":"onbackorder","15":"sale","16":"shipping-taxable","17":"purchasable","18":"product-type-simple"},"_links":{"self":[{"href":"https:\/\/lucacastelli.com\/fr\/wp-json\/wp\/v2\/product\/613729","targetHints":{"allow":["GET"]}}],"collection":[{"href":"https:\/\/lucacastelli.com\/fr\/wp-json\/wp\/v2\/product"}],"about":[{"href":"https:\/\/lucacastelli.com\/fr\/wp-json\/wp\/v2\/types\/product"}],"wp:featuredmedia":[{"embeddable":true,"href":"https:\/\/lucacastelli.com\/fr\/wp-json\/wp\/v2\/media\/552279"}],"wp:attachment":[{"href":"https:\/\/lucacastelli.com\/fr\/wp-json\/wp\/v2\/media?parent=613729"}],"wp:term":[{"taxonomy":"product_brand","embeddable":true,"href":"https:\/\/lucacastelli.com\/fr\/wp-json\/wp\/v2\/product_brand?post=613729"},{"taxonomy":"product_cat","embeddable":true,"href":"https:\/\/lucacastelli.com\/fr\/wp-json\/wp\/v2\/product_cat?post=613729"},{"taxonomy":"product_tag","embeddable":true,"href":"https:\/\/lucacastelli.com\/fr\/wp-json\/wp\/v2\/product_tag?post=613729"}],"curies":[{"name":"wp","href":"https:\/\/api.w.org\/{rel}","templated":true}]}}