{"id":613722,"date":"2025-08-09T19:31:50","date_gmt":"2025-08-09T17:31:50","guid":{"rendered":"https:\/\/lucacastelli.com\/prodotto\/milwaukee-pince-parrot\/"},"modified":"2025-08-09T19:31:50","modified_gmt":"2025-08-09T17:31:50","slug":"milwaukee-pince-parrot","status":"publish","type":"product","link":"https:\/\/lucacastelli.com\/fr\/produit\/milwaukee-pince-parrot\/","title":{"rendered":"Milwaukee Pince Parrot"},"content":{"rendered":"<p>PINCE AJUSTABLE 300mm<br \/>\nM\u00e2choire \u00e0 double denture pour une prise maximale;M\u00e2choires tremp\u00e9es par induction avec verrouillage automatique pour \u00e9viter tout glissement;Dispositif de retenue des clous int\u00e9gr\u00e9;Conception assurant une r\u00e9sistance et une capacit\u00e9 de prise \u00e9lev\u00e9es;Bouton-poussoir pour des ajustements rapides et pr\u00e9cis;Doigts prot\u00e9g\u00e9s \u00e0 chaque point d&#8217;ajustement de la cr\u00e9maill\u00e8re<\/p>\n<p>4932492460<br \/>\n4058546418274<\/p>\n","protected":false},"excerpt":{"rendered":"<p>PILOT D&#8217;AJUSTEMENT 300mm<\/p>\n","protected":false},"featured_media":556638,"template":"","meta":{"_seopress_robots_primary_cat":"","_seopress_titles_title":"","_seopress_titles_desc":"","_seopress_robots_index":""},"product_brand":[3407],"product_cat":[5416,33],"product_tag":[3270],"class_list":{"0":"post-613722","1":"product","2":"type-product","3":"status-publish","4":"has-post-thumbnail","6":"product_brand-milwaukee","7":"product_cat-utensili-per-officina","8":"product_cat-attrezzature","9":"product_tag-import-milwau","10":"sws-conto-ricavi-merci-rivendita-macchinari-fr","11":"sws-gruppo-iva-iva81-fr","13":"first","14":"onbackorder","15":"sale","16":"shipping-taxable","17":"purchasable","18":"product-type-simple"},"_links":{"self":[{"href":"https:\/\/lucacastelli.com\/fr\/wp-json\/wp\/v2\/product\/613722","targetHints":{"allow":["GET"]}}],"collection":[{"href":"https:\/\/lucacastelli.com\/fr\/wp-json\/wp\/v2\/product"}],"about":[{"href":"https:\/\/lucacastelli.com\/fr\/wp-json\/wp\/v2\/types\/product"}],"wp:featuredmedia":[{"embeddable":true,"href":"https:\/\/lucacastelli.com\/fr\/wp-json\/wp\/v2\/media\/556638"}],"wp:attachment":[{"href":"https:\/\/lucacastelli.com\/fr\/wp-json\/wp\/v2\/media?parent=613722"}],"wp:term":[{"taxonomy":"product_brand","embeddable":true,"href":"https:\/\/lucacastelli.com\/fr\/wp-json\/wp\/v2\/product_brand?post=613722"},{"taxonomy":"product_cat","embeddable":true,"href":"https:\/\/lucacastelli.com\/fr\/wp-json\/wp\/v2\/product_cat?post=613722"},{"taxonomy":"product_tag","embeddable":true,"href":"https:\/\/lucacastelli.com\/fr\/wp-json\/wp\/v2\/product_tag?post=613722"}],"curies":[{"name":"wp","href":"https:\/\/api.w.org\/{rel}","templated":true}]}}