{"id":613720,"date":"2025-08-09T19:31:48","date_gmt":"2025-08-09T17:31:48","guid":{"rendered":"https:\/\/lucacastelli.com\/prodotto\/pince-a-long-bec-milwaukee-2\/"},"modified":"2025-08-09T19:31:48","modified_gmt":"2025-08-09T17:31:48","slug":"pince-a-long-bec-milwaukee-2","status":"publish","type":"product","link":"https:\/\/lucacastelli.com\/fr\/produit\/pince-a-long-bec-milwaukee-2\/","title":{"rendered":"Pince \u00e0 long bec Milwaukee"},"content":{"rendered":"<p>PINCE \u00c0 LONGUE T\u00caTE<br \/>\nExcellent effet de levier pour un travail facile et sans effort;Extracteur de vis int\u00e9gr\u00e9 (M10);Les tranchants tremp\u00e9s par induction permettent de couper les fils durs et souples;Bords arrondis de la t\u00eate;Conception de la t\u00eate non r\u00e9fl\u00e9chissante et r\u00e9sistance maximale \u00e0 la corrosion;Poign\u00e9e bimati\u00e8re souple pour une prise en main confortable;Le mat\u00e9riau \u00e0 l&#8217;extr\u00e9mit\u00e9 emp\u00eache la perte de la prise;Trou pour la longe antichute<\/p>\n<p>4932492465<br \/>\n4058546418328<\/p>\n","protected":false},"excerpt":{"rendered":"<p>PINCE \u00c0 LONG BEC<\/p>\n","protected":false},"featured_media":556671,"template":"","meta":{"_seopress_robots_primary_cat":"","_seopress_titles_title":"","_seopress_titles_desc":"","_seopress_robots_index":""},"product_brand":[3407],"product_cat":[5416,33],"product_tag":[3270],"class_list":{"0":"post-613720","1":"product","2":"type-product","3":"status-publish","4":"has-post-thumbnail","6":"product_brand-milwaukee","7":"product_cat-utensili-per-officina","8":"product_cat-attrezzature","9":"product_tag-import-milwau","10":"sws-conto-ricavi-merci-rivendita-macchinari-fr","11":"sws-gruppo-iva-iva81-fr","13":"first","14":"onbackorder","15":"sale","16":"shipping-taxable","17":"purchasable","18":"product-type-simple"},"_links":{"self":[{"href":"https:\/\/lucacastelli.com\/fr\/wp-json\/wp\/v2\/product\/613720","targetHints":{"allow":["GET"]}}],"collection":[{"href":"https:\/\/lucacastelli.com\/fr\/wp-json\/wp\/v2\/product"}],"about":[{"href":"https:\/\/lucacastelli.com\/fr\/wp-json\/wp\/v2\/types\/product"}],"wp:featuredmedia":[{"embeddable":true,"href":"https:\/\/lucacastelli.com\/fr\/wp-json\/wp\/v2\/media\/556671"}],"wp:attachment":[{"href":"https:\/\/lucacastelli.com\/fr\/wp-json\/wp\/v2\/media?parent=613720"}],"wp:term":[{"taxonomy":"product_brand","embeddable":true,"href":"https:\/\/lucacastelli.com\/fr\/wp-json\/wp\/v2\/product_brand?post=613720"},{"taxonomy":"product_cat","embeddable":true,"href":"https:\/\/lucacastelli.com\/fr\/wp-json\/wp\/v2\/product_cat?post=613720"},{"taxonomy":"product_tag","embeddable":true,"href":"https:\/\/lucacastelli.com\/fr\/wp-json\/wp\/v2\/product_tag?post=613720"}],"curies":[{"name":"wp","href":"https:\/\/api.w.org\/{rel}","templated":true}]}}