{"id":613719,"date":"2025-08-09T19:31:46","date_gmt":"2025-08-09T17:31:46","guid":{"rendered":"https:\/\/lucacastelli.com\/prodotto\/pince-universelle-milwaukee-2\/"},"modified":"2025-08-09T19:31:46","modified_gmt":"2025-08-09T17:31:46","slug":"pince-universelle-milwaukee-2","status":"publish","type":"product","link":"https:\/\/lucacastelli.com\/fr\/produit\/pince-universelle-milwaukee-2\/","title":{"rendered":"Pince universelle Milwaukee"},"content":{"rendered":"<p>Pince UNIVERSELLE 1000V 165mm<br \/>\nTest\u00e9e \u00e0 10 000V et garantie \u00e0 1000V, test\u00e9e \u00e0 -40\u00b0 ,DIN ISO 5746, DIN EN\/IEC 60900;Les lames en acier sont enti\u00e8rement forg\u00e9es, tremp\u00e9es et revenues pour une durabilit\u00e9 maximale. Finition de surface en titane gris non r\u00e9fl\u00e9chissant pour une r\u00e9sistance maximale \u00e0 la corrosion;Tranchants tremp\u00e9s par induction pour couper m\u00eame les mat\u00e9riaux les plus durs;Articulation pr\u00e9cise et flexible pour une transmission maximale de la puissance afin de travailler facilement et sans effort;Poign\u00e9e ergonomique softgrip pour plus de confort et de prise en main. <\/p>\n<p>4932464571<br \/>\n4058546225162<\/p>\n","protected":false},"excerpt":{"rendered":"<p>Pince universelle 1000V 165mm<\/p>\n","protected":false},"featured_media":529443,"template":"","meta":{"_seopress_robots_primary_cat":"","_seopress_titles_title":"","_seopress_titles_desc":"","_seopress_robots_index":""},"product_brand":[3407],"product_cat":[5416,33],"product_tag":[3270],"class_list":{"0":"post-613719","1":"product","2":"type-product","3":"status-publish","4":"has-post-thumbnail","6":"product_brand-milwaukee","7":"product_cat-utensili-per-officina","8":"product_cat-attrezzature","9":"product_tag-import-milwau","10":"sws-conto-ricavi-merci-rivendita-macchinari-fr","11":"sws-gruppo-iva-iva81-fr","13":"first","14":"onbackorder","15":"sale","16":"shipping-taxable","17":"purchasable","18":"product-type-simple"},"_links":{"self":[{"href":"https:\/\/lucacastelli.com\/fr\/wp-json\/wp\/v2\/product\/613719","targetHints":{"allow":["GET"]}}],"collection":[{"href":"https:\/\/lucacastelli.com\/fr\/wp-json\/wp\/v2\/product"}],"about":[{"href":"https:\/\/lucacastelli.com\/fr\/wp-json\/wp\/v2\/types\/product"}],"wp:featuredmedia":[{"embeddable":true,"href":"https:\/\/lucacastelli.com\/fr\/wp-json\/wp\/v2\/media\/529443"}],"wp:attachment":[{"href":"https:\/\/lucacastelli.com\/fr\/wp-json\/wp\/v2\/media?parent=613719"}],"wp:term":[{"taxonomy":"product_brand","embeddable":true,"href":"https:\/\/lucacastelli.com\/fr\/wp-json\/wp\/v2\/product_brand?post=613719"},{"taxonomy":"product_cat","embeddable":true,"href":"https:\/\/lucacastelli.com\/fr\/wp-json\/wp\/v2\/product_cat?post=613719"},{"taxonomy":"product_tag","embeddable":true,"href":"https:\/\/lucacastelli.com\/fr\/wp-json\/wp\/v2\/product_tag?post=613719"}],"curies":[{"name":"wp","href":"https:\/\/api.w.org\/{rel}","templated":true}]}}