{"id":613714,"date":"2025-08-09T19:31:47","date_gmt":"2025-08-09T17:31:47","guid":{"rendered":"https:\/\/lucacastelli.com\/prodotto\/pince-a-long-bec-milwaukee\/"},"modified":"2025-08-09T19:31:47","modified_gmt":"2025-08-09T17:31:47","slug":"pince-a-long-bec-milwaukee","status":"publish","type":"product","link":"https:\/\/lucacastelli.com\/fr\/produit\/pince-a-long-bec-milwaukee\/","title":{"rendered":"Pince \u00e0 long bec Milwaukee"},"content":{"rendered":"<p>Pince \u00e0 45\u00b0 \u00e0 long coude<br \/>\nExcellent effet de levier pour un travail facile et sans effort;Extracteur de vis int\u00e9gr\u00e9 (M10);Les tranchants tremp\u00e9s par induction permettent de couper les fils durs et souples;Bords de la t\u00eate arrondis ;T\u00eate antireflet et r\u00e9sistance maximale \u00e0 la corrosion;Poign\u00e9e bimati\u00e8re souple pour une prise en main confortable;Le mat\u00e9riau de l&#8217;extr\u00e9mit\u00e9 emp\u00eache la perte de prise;Trou pour lani\u00e8re<\/p>\n<p>4932492466<br \/>\n4058546418335<\/p>\n","protected":false},"excerpt":{"rendered":"<p>PINCE \u00c0 LONG BEC PLI\u00c9E \u00c0 45\u00b0.<\/p>\n","protected":false},"featured_media":556692,"template":"","meta":{"_seopress_robots_primary_cat":"","_seopress_titles_title":"","_seopress_titles_desc":"","_seopress_robots_index":""},"product_brand":[3407],"product_cat":[5416,33],"product_tag":[3270],"class_list":{"0":"post-613714","1":"product","2":"type-product","3":"status-publish","4":"has-post-thumbnail","6":"product_brand-milwaukee","7":"product_cat-utensili-per-officina","8":"product_cat-attrezzature","9":"product_tag-import-milwau","10":"sws-conto-ricavi-merci-rivendita-macchinari-fr","11":"sws-gruppo-iva-iva81-fr","13":"first","14":"onbackorder","15":"sale","16":"shipping-taxable","17":"purchasable","18":"product-type-simple"},"_links":{"self":[{"href":"https:\/\/lucacastelli.com\/fr\/wp-json\/wp\/v2\/product\/613714","targetHints":{"allow":["GET"]}}],"collection":[{"href":"https:\/\/lucacastelli.com\/fr\/wp-json\/wp\/v2\/product"}],"about":[{"href":"https:\/\/lucacastelli.com\/fr\/wp-json\/wp\/v2\/types\/product"}],"wp:featuredmedia":[{"embeddable":true,"href":"https:\/\/lucacastelli.com\/fr\/wp-json\/wp\/v2\/media\/556692"}],"wp:attachment":[{"href":"https:\/\/lucacastelli.com\/fr\/wp-json\/wp\/v2\/media?parent=613714"}],"wp:term":[{"taxonomy":"product_brand","embeddable":true,"href":"https:\/\/lucacastelli.com\/fr\/wp-json\/wp\/v2\/product_brand?post=613714"},{"taxonomy":"product_cat","embeddable":true,"href":"https:\/\/lucacastelli.com\/fr\/wp-json\/wp\/v2\/product_cat?post=613714"},{"taxonomy":"product_tag","embeddable":true,"href":"https:\/\/lucacastelli.com\/fr\/wp-json\/wp\/v2\/product_tag?post=613714"}],"curies":[{"name":"wp","href":"https:\/\/api.w.org\/{rel}","templated":true}]}}