{"id":613708,"date":"2025-08-09T19:31:44","date_gmt":"2025-08-09T17:31:44","guid":{"rendered":"https:\/\/lucacastelli.com\/prodotto\/pince-a-denuder-milwaukee\/"},"modified":"2025-08-09T19:31:44","modified_gmt":"2025-08-09T17:31:44","slug":"pince-a-denuder-milwaukee","status":"publish","type":"product","link":"https:\/\/lucacastelli.com\/fr\/produit\/pince-a-denuder-milwaukee\/","title":{"rendered":"Pince \u00e0 d\u00e9nuder Milwaukee"},"content":{"rendered":"<p>Pince \u00e0 d\u00e9nuder<br \/>\nPince \u00e0 d\u00e9nuder enti\u00e8rement automatique et \u00e0 r\u00e9glage automatique pour tous les fils de 0,2 mm\u00b2 \u00e0 16 mm\u00b2;But\u00e9e de longueur r\u00e9glable de 5 mm \u00e0 25 mm pour un travail pr\u00e9cis;Cutter lat\u00e9ral int\u00e9gr\u00e9 pour couper les fils jusqu&#8217;\u00e0 3 mm Cu\/AI;Conception de la t\u00eate mince permettant d&#8217;acc\u00e9der plus facilement aux zones difficiles ;Poign\u00e9e \u00e0 deux composants pour une prise en main confortable et une transmission maximale de la force;M\u00e9canisme de verrouillage pour un rangement s\u00fbr et peu encombrant;Plaque signal\u00e9tique int\u00e9gr\u00e9e \u00e0 l&#8217;int\u00e9rieur de la poign\u00e9e pour personnaliser l&#8217;outil;Disposition du lacet anti-chute, utilisation facile avec la gamme de lacet Milwaukee et pour permettre l&#8217;utilisation en hauteur<\/p>\n<p>4932498268<br \/>\n4058546521370.<\/p>\n","protected":false},"excerpt":{"rendered":"<p>BANDE DE FIL DE FER<\/p>\n","protected":false},"featured_media":566728,"template":"","meta":{"_seopress_robots_primary_cat":"","_seopress_titles_title":"","_seopress_titles_desc":"","_seopress_robots_index":""},"product_brand":[3407],"product_cat":[5416,33],"product_tag":[3270],"class_list":{"0":"post-613708","1":"product","2":"type-product","3":"status-publish","4":"has-post-thumbnail","6":"product_brand-milwaukee","7":"product_cat-utensili-per-officina","8":"product_cat-attrezzature","9":"product_tag-import-milwau","10":"sws-conto-ricavi-merci-rivendita-macchinari-fr","11":"sws-gruppo-iva-iva81-fr","13":"first","14":"onbackorder","15":"sale","16":"shipping-taxable","17":"purchasable","18":"product-type-simple"},"_links":{"self":[{"href":"https:\/\/lucacastelli.com\/fr\/wp-json\/wp\/v2\/product\/613708","targetHints":{"allow":["GET"]}}],"collection":[{"href":"https:\/\/lucacastelli.com\/fr\/wp-json\/wp\/v2\/product"}],"about":[{"href":"https:\/\/lucacastelli.com\/fr\/wp-json\/wp\/v2\/types\/product"}],"wp:featuredmedia":[{"embeddable":true,"href":"https:\/\/lucacastelli.com\/fr\/wp-json\/wp\/v2\/media\/566728"}],"wp:attachment":[{"href":"https:\/\/lucacastelli.com\/fr\/wp-json\/wp\/v2\/media?parent=613708"}],"wp:term":[{"taxonomy":"product_brand","embeddable":true,"href":"https:\/\/lucacastelli.com\/fr\/wp-json\/wp\/v2\/product_brand?post=613708"},{"taxonomy":"product_cat","embeddable":true,"href":"https:\/\/lucacastelli.com\/fr\/wp-json\/wp\/v2\/product_cat?post=613708"},{"taxonomy":"product_tag","embeddable":true,"href":"https:\/\/lucacastelli.com\/fr\/wp-json\/wp\/v2\/product_tag?post=613708"}],"curies":[{"name":"wp","href":"https:\/\/api.w.org\/{rel}","templated":true}]}}