{"id":613703,"date":"2025-08-10T12:26:11","date_gmt":"2025-08-10T10:26:11","guid":{"rendered":"https:\/\/lucacastelli.com\/prodotto\/milwaukee-2%e2%80%b3-m18-fuel-one-key-fileur\/"},"modified":"2025-08-10T12:26:11","modified_gmt":"2025-08-10T10:26:11","slug":"milwaukee-2%e2%80%b3-m18-fuel-one-key-fileur","status":"publish","type":"product","link":"https:\/\/lucacastelli.com\/fr\/produit\/milwaukee-2%e2%80%b3-m18-fuel-one-key-fileur\/","title":{"rendered":"Milwaukee 2\u2033 M18 FUEL ONE-KEY\u2122 fileur"},"content":{"rendered":"<p>2\u2033 M18 FUEL ONE-KEY\u2122 fileur<br \/>\nM18 FPT2-121C \/ THREADERS<br \/>\nLe premier fileur sans fil 18V du march\u00e9 pour les tubes jusqu&#8217;\u00e0 2 pouces, compatible avec les principales douilles du march\u00e9. Filete des tubes de 1\/8 de pouce jusqu&#8217;\u00e0 2 pouces;Syst\u00e8me AUTO-STOP\u2122, d\u00e9tecte la r\u00e9sistance et prot\u00e8ge contre les rebonds, pour plus de s\u00e9curit\u00e9;Compatible via le kit d&#8217;adaptation Milwaukee\u00ae avec les douilles Ridgid 11-R (FPT2AK-RI), les douilles \u00e0 changement rapide Rems (FPT2AK-RE) et les douilles SUPER CUT Rothenberger (FPT2AK-RO). Les douilles Ridgid 12-R peuvent \u00eatre utilis\u00e9es directement sans adaptateur ; S\u00e9lecteur de vitesse : vitesse 1 : 0-29 tr\/min pour 1-1\/4 pouces &#8211; 2 pouces, vitesse 2 : 0-41 tr\/min pour 1\/8 pouces &#8211; 1 pouce. Pour une qualit\u00e9 de filetage optimis\u00e9e en fonction de la taille du tuyau;Autonomie maximale sur une seule charge de la batterie M18 12,0 Ah, avec plus de 25 filetages de 2 pouces et plus de 60 filetages de 1\/2 pouce;La poign\u00e9e lat\u00e9rale permet un contr\u00f4le maximal pendant le processus de filetage;La technologie FUEL red\u00e9finit les outils \u00e9lectriques sans fil. Le moteur sans balais, l&#8217;\u00e9lectronique REDLINK PLUS\u2122 et la batterie REDLITHIUM\u2122 offrent des performances et une durabilit\u00e9 sup\u00e9rieures;Fonctionne avec toutes les batteries M18 MILWAUKEEE\u00ae.    <\/p>\n<p>4933499200<br \/>\n4058546563646<\/p>\n","protected":false},"excerpt":{"rendered":"<p>M18 FPT2-121C \/ MACHINES \u00c0 FILETER<\/p>\n","protected":false},"featured_media":578073,"template":"","meta":{"_seopress_robots_primary_cat":"","_seopress_titles_title":"","_seopress_titles_desc":"","_seopress_robots_index":""},"product_brand":[3407],"product_cat":[5531,29,514],"product_tag":[3270],"class_list":{"0":"post-613703","1":"product","2":"type-product","3":"status-publish","4":"has-post-thumbnail","6":"product_brand-milwaukee","7":"product_cat-vari-macchinari-milwaukee","8":"product_cat-macchinari","9":"product_cat-altri-dispositivi","10":"product_tag-import-milwau","11":"sws-conto-ricavi-merci-rivendita-macchinari-fr","12":"sws-gruppo-iva-iva81-fr","14":"first","15":"onbackorder","16":"sale","17":"shipping-taxable","18":"purchasable","19":"product-type-simple"},"_links":{"self":[{"href":"https:\/\/lucacastelli.com\/fr\/wp-json\/wp\/v2\/product\/613703","targetHints":{"allow":["GET"]}}],"collection":[{"href":"https:\/\/lucacastelli.com\/fr\/wp-json\/wp\/v2\/product"}],"about":[{"href":"https:\/\/lucacastelli.com\/fr\/wp-json\/wp\/v2\/types\/product"}],"wp:featuredmedia":[{"embeddable":true,"href":"https:\/\/lucacastelli.com\/fr\/wp-json\/wp\/v2\/media\/578073"}],"wp:attachment":[{"href":"https:\/\/lucacastelli.com\/fr\/wp-json\/wp\/v2\/media?parent=613703"}],"wp:term":[{"taxonomy":"product_brand","embeddable":true,"href":"https:\/\/lucacastelli.com\/fr\/wp-json\/wp\/v2\/product_brand?post=613703"},{"taxonomy":"product_cat","embeddable":true,"href":"https:\/\/lucacastelli.com\/fr\/wp-json\/wp\/v2\/product_cat?post=613703"},{"taxonomy":"product_tag","embeddable":true,"href":"https:\/\/lucacastelli.com\/fr\/wp-json\/wp\/v2\/product_tag?post=613703"}],"curies":[{"name":"wp","href":"https:\/\/api.w.org\/{rel}","templated":true}]}}