{"id":613699,"date":"2025-08-10T12:26:10","date_gmt":"2025-08-10T10:26:10","guid":{"rendered":"https:\/\/lucacastelli.com\/prodotto\/milwaukee-m18-force-logic-pompe-hydraulique\/"},"modified":"2025-08-10T12:26:10","modified_gmt":"2025-08-10T10:26:10","slug":"milwaukee-m18-force-logic-pompe-hydraulique","status":"publish","type":"product","link":"https:\/\/lucacastelli.com\/fr\/produit\/milwaukee-m18-force-logic-pompe-hydraulique\/","title":{"rendered":"Milwaukee M18 FORCE LOGIC\u2122 pompe hydraulique"},"content":{"rendered":"<p>M18 FORCE LOGIC\u2122<br \/>\nM18 HUP700-121 \/ POMPE HYDRAULIQUE<br \/>\nCompatible avec n&#8217;importe quelle t\u00eate de sertissage, de coupe ou de poin\u00e7onnage \u00e0 700 bars;Applications plus rapides gr\u00e2ce \u00e0 un grand r\u00e9servoir d&#8217;huile de 1,6 l et \u00e0 un d\u00e9bit 2 fois sup\u00e9rieur \u00e0 celui des autres pompes;\u00c9quip\u00e9e d&#8217;un raccord rapide standard CEJN s\u00e9rie 115, G1\/4 pouce femelle pour s&#8217;adapter aux accessoires les plus courants sur le march\u00e9;T\u00e9l\u00e9commande de 1.8 m permet \u00e0 l&#8217;utilisateur d&#8217;op\u00e9rer \u00e0 une distance s\u00fbre, extensible jusqu&#8217;\u00e0 7 m avec le c\u00e2ble de rallonge;Porte de batterie scell\u00e9e pour une protection contre la poussi\u00e8re et l&#8217;humidit\u00e9 (IP54);Le syst\u00e8me de suivi et de s\u00e9curit\u00e9 ONE-KEY\u2122 offre un suivi et une gestion des stocks gratuits bas\u00e9s sur le cloud, avec \u00e9galement des fonctionnalit\u00e9s de verrouillage \u00e0 distance et de cr\u00e9ation de rapports sur les applications;Poign\u00e9e de transport pour une r\u00e9partition uniforme du poids;PFM\u2122(Predictive Force Monitoring) syst\u00e8me de surveillance automatique de la force pour assurer et d\u00e9livrer une pression imm\u00e9diate;Le moteur sans balais, l&#8217;\u00e9lectronique REDLINK PLUS\u2122 et la batterie REDLITHIUM\u2122 offrent des performances et une durabilit\u00e9 sup\u00e9rieures;Fonctionne avec toutes les batteries Milwaukee M18;Personnalisation ONE-KEY\u2122 : g\u00e9n\u00e9ration de rapports d\u00e9taill\u00e9s sur l&#8217;application r\u00e9alis\u00e9e.<\/p>\n<p>4933499335<br \/>\n4058546564995<\/p>\n","protected":false},"excerpt":{"rendered":"<p>M18 HUP700-121 \/ POMPE HYDRAULIQUE<\/p>\n","protected":false},"featured_media":442603,"template":"","meta":{"_seopress_robots_primary_cat":"","_seopress_titles_title":"","_seopress_titles_desc":"","_seopress_robots_index":""},"product_brand":[3407],"product_cat":[5531,29,514],"product_tag":[3270],"class_list":{"0":"post-613699","1":"product","2":"type-product","3":"status-publish","4":"has-post-thumbnail","6":"product_brand-milwaukee","7":"product_cat-vari-macchinari-milwaukee","8":"product_cat-macchinari","9":"product_cat-altri-dispositivi","10":"product_tag-import-milwau","11":"sws-conto-ricavi-merci-rivendita-macchinari-fr","12":"sws-gruppo-iva-iva81-fr","14":"first","15":"onbackorder","16":"sale","17":"shipping-taxable","18":"purchasable","19":"product-type-simple"},"_links":{"self":[{"href":"https:\/\/lucacastelli.com\/fr\/wp-json\/wp\/v2\/product\/613699","targetHints":{"allow":["GET"]}}],"collection":[{"href":"https:\/\/lucacastelli.com\/fr\/wp-json\/wp\/v2\/product"}],"about":[{"href":"https:\/\/lucacastelli.com\/fr\/wp-json\/wp\/v2\/types\/product"}],"wp:featuredmedia":[{"embeddable":true,"href":"https:\/\/lucacastelli.com\/fr\/wp-json\/wp\/v2\/media\/442603"}],"wp:attachment":[{"href":"https:\/\/lucacastelli.com\/fr\/wp-json\/wp\/v2\/media?parent=613699"}],"wp:term":[{"taxonomy":"product_brand","embeddable":true,"href":"https:\/\/lucacastelli.com\/fr\/wp-json\/wp\/v2\/product_brand?post=613699"},{"taxonomy":"product_cat","embeddable":true,"href":"https:\/\/lucacastelli.com\/fr\/wp-json\/wp\/v2\/product_cat?post=613699"},{"taxonomy":"product_tag","embeddable":true,"href":"https:\/\/lucacastelli.com\/fr\/wp-json\/wp\/v2\/product_tag?post=613699"}],"curies":[{"name":"wp","href":"https:\/\/api.w.org\/{rel}","templated":true}]}}