{"id":613693,"date":"2025-08-10T12:26:09","date_gmt":"2025-08-10T10:26:09","guid":{"rendered":"https:\/\/lucacastelli.com\/prodotto\/milwaukee-m18-hydropass-pompe-submersible-pour-eaux-usees\/"},"modified":"2025-08-10T12:26:09","modified_gmt":"2025-08-10T10:26:09","slug":"milwaukee-m18-hydropass-pompe-submersible-pour-eaux-usees","status":"publish","type":"product","link":"https:\/\/lucacastelli.com\/fr\/produit\/milwaukee-m18-hydropass-pompe-submersible-pour-eaux-usees\/","title":{"rendered":"Milwaukee M18 HYDROPASS\u2122, pompe submersible pour eaux us\u00e9es."},"content":{"rendered":"<p>M18 HYDROPASS\u2122 pompe submersible pour eaux us\u00e9es.<br \/>\nM18 BLSWP-801 \/ POMPES \u00c0 EAU<br \/>\nLe syst\u00e8me de filtration unique HYDROPASS\u2122 emp\u00eache le colmatage du filtre et permet \u00e0 l&#8217;utilisateur de pomper de l&#8217;eau \u00e0 tout moment, quels que soient les d\u00e9bris;Pompe jusqu&#8217;\u00e0 5670 litres par heure;Peut \u00eatre immerg\u00e9 jusqu&#8217;\u00e0 107 cm permettant un pompage facile avec une hauteur de chute de 5 m\u00e8tres;Compartiment ferm\u00e9 qui prot\u00e8ge la batterie ;Filetage de 11\/4 pouces pour le meilleur d\u00e9bit d&#8217;eau;Comprend un adaptateur pour convertir le filetage de m\u00e2le \u00e0 femelle;Comprend un diviseur pour connecter deux tuyaux d&#8217;arrosage de 3\/4 pouces;Capuchon \u00e0 fixer au diviseur pour un d\u00e9bit maximal;Fonctionne avec toutes les batteries Milwaukee\u00ae M18.<\/p>\n<p>4933498560<br \/>\n4058546524296<\/p>\n","protected":false},"excerpt":{"rendered":"<p>M18 BLSWP-801 \/ POMPES \u00c0 EAU<\/p>\n","protected":false},"featured_media":590506,"template":"","meta":{"_seopress_robots_primary_cat":"","_seopress_titles_title":"","_seopress_titles_desc":"","_seopress_robots_index":""},"product_brand":[3658],"product_cat":[1453,5532,167],"product_tag":[3273],"class_list":{"0":"post-613693","1":"product","2":"type-product","3":"status-publish","4":"has-post-thumbnail","6":"product_brand-milwaukee-fr","7":"product_cat-autres-appareils","8":"product_cat-diverses-machines-milwaukee","9":"product_cat-machines","10":"product_tag-import-milwau-fr","11":"sws-conto-ricavi-merci-rivendita-macchinari-fr","12":"sws-gruppo-iva-iva81-fr","14":"first","15":"onbackorder","16":"sale","17":"shipping-taxable","18":"purchasable","19":"product-type-simple"},"_links":{"self":[{"href":"https:\/\/lucacastelli.com\/fr\/wp-json\/wp\/v2\/product\/613693","targetHints":{"allow":["GET"]}}],"collection":[{"href":"https:\/\/lucacastelli.com\/fr\/wp-json\/wp\/v2\/product"}],"about":[{"href":"https:\/\/lucacastelli.com\/fr\/wp-json\/wp\/v2\/types\/product"}],"wp:featuredmedia":[{"embeddable":true,"href":"https:\/\/lucacastelli.com\/fr\/wp-json\/wp\/v2\/media\/590506"}],"wp:attachment":[{"href":"https:\/\/lucacastelli.com\/fr\/wp-json\/wp\/v2\/media?parent=613693"}],"wp:term":[{"taxonomy":"product_brand","embeddable":true,"href":"https:\/\/lucacastelli.com\/fr\/wp-json\/wp\/v2\/product_brand?post=613693"},{"taxonomy":"product_cat","embeddable":true,"href":"https:\/\/lucacastelli.com\/fr\/wp-json\/wp\/v2\/product_cat?post=613693"},{"taxonomy":"product_tag","embeddable":true,"href":"https:\/\/lucacastelli.com\/fr\/wp-json\/wp\/v2\/product_tag?post=613693"}],"curies":[{"name":"wp","href":"https:\/\/api.w.org\/{rel}","templated":true}]}}