{"id":613691,"date":"2025-08-10T12:26:06","date_gmt":"2025-08-10T10:26:06","guid":{"rendered":"https:\/\/lucacastelli.com\/prodotto\/milwaukee-m18-fuel-machine-a-fileter-1-1-4%cb%9d-avec-one-key-3\/"},"modified":"2026-04-15T12:14:47","modified_gmt":"2026-04-15T10:14:47","slug":"milwaukee-m18-fuel-machine-a-fileter-1-1-4%cb%9d-avec-one-key-3","status":"publish","type":"product","link":"https:\/\/lucacastelli.com\/fr\/produit\/milwaukee-m18-fuel-machine-a-fileter-1-1-4%cb%9d-avec-one-key-3\/","title":{"rendered":"MILWAUKEE M18 FUEL\u2122 Fili\u00e8re 1 1\/4\u02dd avec ONE-KEY\u2122"},"content":{"rendered":"<p>M18 FUEL\u2122 Fili\u00e8re 1 1\/4\u02dd avec ONE-KEY\u2122<br \/>\nM18 FPT114-802CA \/ FILI\u00c8RES<br \/>\nFiletage possible de tuyaux de 1\/8 pouce jusqu&#8217;\u00e0 1 1\/4 pouce ; Le syst\u00e8me AUTOSTOP\u2122 Anti Kickback bloque et \u00e9teint l&#8217;outil en cas de contrecoup soudain afin de prot\u00e9ger l&#8217;op\u00e9rateur ; Le design compact et le poids r\u00e9duit facilitent l&#8217;utilisation m\u00eame dans les espaces restreints ; Compatible avec les nouvelles douilles MILWAUKEE\u00ae FPT114H et avec les douilles Ridgid 11R jusqu&#8217;\u00e0 1 1\/4 pouce ; Jusqu&#8217;\u00e0 50 filetages sur un tuyau de 3\/4 pouce avec une charge de batterie M18\u2122 HIGH OUTPUT\u2122 de 8,0 Ah ; Poign\u00e9e lat\u00e9rale pour \u00e9viter le contact avec la douille pendant les op\u00e9rations de filetage ; Le moteur brushless POWERSTATE\u2122 garantit des performances m\u00eame sous effort, l&#8217;\u00e9lectronique REDLINK PLUS\u2122 offre une protection accrue contre les surcharges pour l&#8217;outil et la batterie, assurant une dur\u00e9e de vie sup\u00e9rieure dans les applications intensives. La batterie REDLITHIUM\u2122 garantit quant \u00e0 elle une construction avanc\u00e9e du pack batterie et des performances constantes, pour offrir une autonomie accrue et maximiser la dur\u00e9e de vie de la batterie ; Le syst\u00e8me ONE-KEY\u2122 Tracking &amp; Security offre gratuitement un service de tra\u00e7abilit\u00e9 et de gestion d&#8217;inventaire bas\u00e9 sur le cloud, disposant \u00e9galement de fonctionnalit\u00e9s de verrouillage \u00e0 distance ; Fonctionne avec toutes les batteries de la plateforme M18\u2122 <\/p>\n<p>4933499199<br \/>\n4058546563639<\/p>\n","protected":false},"excerpt":{"rendered":"<p>M18 FPT114-802CA \/ FILI\u00c8RES<\/p>\n","protected":false},"featured_media":442717,"template":"","meta":{"_seopress_robots_primary_cat":"","_seopress_titles_title":"","_seopress_titles_desc":"","_seopress_robots_index":""},"product_brand":[3407],"product_cat":[5531,29,514],"product_tag":[3270],"class_list":{"0":"post-613691","1":"product","2":"type-product","3":"status-publish","4":"has-post-thumbnail","6":"product_brand-milwaukee","7":"product_cat-vari-macchinari-milwaukee","8":"product_cat-macchinari","9":"product_cat-altri-dispositivi","10":"product_tag-import-milwau","11":"sws-conto-ricavi-merci-rivendita-macchinari-fr","12":"sws-gruppo-iva-iva81-fr","14":"first","15":"onbackorder","16":"sale","17":"shipping-taxable","18":"purchasable","19":"product-type-simple"},"_links":{"self":[{"href":"https:\/\/lucacastelli.com\/fr\/wp-json\/wp\/v2\/product\/613691","targetHints":{"allow":["GET"]}}],"collection":[{"href":"https:\/\/lucacastelli.com\/fr\/wp-json\/wp\/v2\/product"}],"about":[{"href":"https:\/\/lucacastelli.com\/fr\/wp-json\/wp\/v2\/types\/product"}],"wp:featuredmedia":[{"embeddable":true,"href":"https:\/\/lucacastelli.com\/fr\/wp-json\/wp\/v2\/media\/442717"}],"wp:attachment":[{"href":"https:\/\/lucacastelli.com\/fr\/wp-json\/wp\/v2\/media?parent=613691"}],"wp:term":[{"taxonomy":"product_brand","embeddable":true,"href":"https:\/\/lucacastelli.com\/fr\/wp-json\/wp\/v2\/product_brand?post=613691"},{"taxonomy":"product_cat","embeddable":true,"href":"https:\/\/lucacastelli.com\/fr\/wp-json\/wp\/v2\/product_cat?post=613691"},{"taxonomy":"product_tag","embeddable":true,"href":"https:\/\/lucacastelli.com\/fr\/wp-json\/wp\/v2\/product_tag?post=613691"}],"curies":[{"name":"wp","href":"https:\/\/api.w.org\/{rel}","templated":true}]}}