{"id":613688,"date":"2025-08-10T12:26:04","date_gmt":"2025-08-10T10:26:04","guid":{"rendered":"https:\/\/lucacastelli.com\/prodotto\/milwaukee-adaptateurs-de-presse-2\/"},"modified":"2025-08-10T12:26:04","modified_gmt":"2025-08-10T10:26:04","slug":"milwaukee-adaptateurs-de-presse-2","status":"publish","type":"product","link":"https:\/\/lucacastelli.com\/fr\/produit\/milwaukee-adaptateurs-de-presse-2\/","title":{"rendered":"Milwaukee Adaptateurs de presse"},"content":{"rendered":"<p>Adaptateurs pour machines \u00e0 presser<br \/>\nM\u00e2choire d&#8217;adaptateur pivotante M12<br \/>\nAdaptateur pour bouchons \u00e0 pression articul\u00e9s;Convient aux machines \u00e0 presser M12<\/p>\n<p>4932500093<br \/>\n4058546572570<\/p>\n","protected":false},"excerpt":{"rendered":"<p>M\u00e2choire d&#8217;adaptateur pivotante M12<\/p>\n","protected":false},"featured_media":600669,"template":"","meta":{"_seopress_robots_primary_cat":"","_seopress_titles_title":"","_seopress_titles_desc":"","_seopress_robots_index":""},"product_brand":[3407],"product_cat":[5531,29,514],"product_tag":[3270],"class_list":{"0":"post-613688","1":"product","2":"type-product","3":"status-publish","4":"has-post-thumbnail","6":"product_brand-milwaukee","7":"product_cat-vari-macchinari-milwaukee","8":"product_cat-macchinari","9":"product_cat-altri-dispositivi","10":"product_tag-import-milwau","11":"sws-conto-ricavi-merci-rivendita-macchinari-fr","12":"sws-gruppo-iva-iva81-fr","14":"first","15":"onbackorder","16":"sale","17":"shipping-taxable","18":"purchasable","19":"product-type-simple"},"_links":{"self":[{"href":"https:\/\/lucacastelli.com\/fr\/wp-json\/wp\/v2\/product\/613688","targetHints":{"allow":["GET"]}}],"collection":[{"href":"https:\/\/lucacastelli.com\/fr\/wp-json\/wp\/v2\/product"}],"about":[{"href":"https:\/\/lucacastelli.com\/fr\/wp-json\/wp\/v2\/types\/product"}],"wp:featuredmedia":[{"embeddable":true,"href":"https:\/\/lucacastelli.com\/fr\/wp-json\/wp\/v2\/media\/600669"}],"wp:attachment":[{"href":"https:\/\/lucacastelli.com\/fr\/wp-json\/wp\/v2\/media?parent=613688"}],"wp:term":[{"taxonomy":"product_brand","embeddable":true,"href":"https:\/\/lucacastelli.com\/fr\/wp-json\/wp\/v2\/product_brand?post=613688"},{"taxonomy":"product_cat","embeddable":true,"href":"https:\/\/lucacastelli.com\/fr\/wp-json\/wp\/v2\/product_cat?post=613688"},{"taxonomy":"product_tag","embeddable":true,"href":"https:\/\/lucacastelli.com\/fr\/wp-json\/wp\/v2\/product_tag?post=613688"}],"curies":[{"name":"wp","href":"https:\/\/api.w.org\/{rel}","templated":true}]}}