{"id":613685,"date":"2025-08-10T12:26:05","date_gmt":"2025-08-10T10:26:05","guid":{"rendered":"https:\/\/lucacastelli.com\/prodotto\/milwaukee-pompe-a-vide-a-deux-etages-142-l-min-2\/"},"modified":"2025-08-10T12:26:05","modified_gmt":"2025-08-10T10:26:05","slug":"milwaukee-pompe-a-vide-a-deux-etages-142-l-min-2","status":"publish","type":"product","link":"https:\/\/lucacastelli.com\/fr\/produit\/milwaukee-pompe-a-vide-a-deux-etages-142-l-min-2\/","title":{"rendered":"Milwaukee Pompe \u00e0 vide \u00e0 deux \u00e9tages 142 l\/min"},"content":{"rendered":"<p>Pompe \u00e0 vide \u00e0 deux \u00e9tages 142 l\/min<br \/>\nM18 FVP5-801 \/ POMPES \u00c0 VACUUM<br \/>\nJusqu&#8217;\u00e0 90 minutes d&#8217;autonomie avec une batterie de 8.0 Ah, en mode &#8220;collecteur&#8221; et jusqu&#8217;\u00e0 60 minutes en mode &#8220;normal&#8221;;Performances \u00e9gales \u00e0 celles des machines filaires;La mise en route imm\u00e9diate permet une aspiration imm\u00e9diate sans avoir besoin de groupes \u00e9lectrog\u00e8nes ou de prises de courant \u00e0 proximit\u00e9;Des entr\u00e9es de 1\/2 pouce, 3\/8 pouce, 1\/4 pouce et un adaptateur de 5\/16 pouce, permettent d&#8217;adapter la pompe \u00e0 la plupart des canalisations;M\u00eame avec une batterie d\u00e9charg\u00e9e, la pompe maintient le vide ;La valve maintient le vide m\u00eame lorsque la pompe ne fonctionne pas;Lorsque la batterie est sur le point de se d\u00e9charger, la pompe \u00e9met un son accompagn\u00e9 d&#8217;un signal lumineux;La valve sp\u00e9cifique r\u00e9duit le besoin de vidange;Plus besoin d&#8217;utiliser un entonnoir pour verser l&#8217;huile dans la pompe;Compatible avec les canalisations contenant du gaz R32 et R410A;La technologie FUEL red\u00e9finit l&#8217;outillage \u00e9lectroportatif sans fil. Le moteur sans balais, l&#8217;\u00e9lectronique REDLINK PLUS\u2122 et le bloc-batterie REDLITHIUM\u2122 offrent des performances et une durabilit\u00e9 sup\u00e9rieures;Fonctionne avec toutes les batteries M18 MILWAUKEEE\u00ae. <\/p>\n<p>4933499248<br \/>\n4058546564124<\/p>\n","protected":false},"excerpt":{"rendered":"<p>M18 FVP5-801 \/ POMPES \u00c0 VIDE<\/p>\n","protected":false},"featured_media":590515,"template":"","meta":{"_seopress_robots_primary_cat":"","_seopress_titles_title":"","_seopress_titles_desc":"","_seopress_robots_index":""},"product_brand":[3407],"product_cat":[5531,29,514],"product_tag":[3270],"class_list":{"0":"post-613685","1":"product","2":"type-product","3":"status-publish","4":"has-post-thumbnail","6":"product_brand-milwaukee","7":"product_cat-vari-macchinari-milwaukee","8":"product_cat-macchinari","9":"product_cat-altri-dispositivi","10":"product_tag-import-milwau","11":"sws-conto-ricavi-merci-rivendita-macchinari-fr","12":"sws-gruppo-iva-iva81-fr","14":"first","15":"onbackorder","16":"sale","17":"shipping-taxable","18":"purchasable","19":"product-type-simple"},"_links":{"self":[{"href":"https:\/\/lucacastelli.com\/fr\/wp-json\/wp\/v2\/product\/613685","targetHints":{"allow":["GET"]}}],"collection":[{"href":"https:\/\/lucacastelli.com\/fr\/wp-json\/wp\/v2\/product"}],"about":[{"href":"https:\/\/lucacastelli.com\/fr\/wp-json\/wp\/v2\/types\/product"}],"wp:featuredmedia":[{"embeddable":true,"href":"https:\/\/lucacastelli.com\/fr\/wp-json\/wp\/v2\/media\/590515"}],"wp:attachment":[{"href":"https:\/\/lucacastelli.com\/fr\/wp-json\/wp\/v2\/media?parent=613685"}],"wp:term":[{"taxonomy":"product_brand","embeddable":true,"href":"https:\/\/lucacastelli.com\/fr\/wp-json\/wp\/v2\/product_brand?post=613685"},{"taxonomy":"product_cat","embeddable":true,"href":"https:\/\/lucacastelli.com\/fr\/wp-json\/wp\/v2\/product_cat?post=613685"},{"taxonomy":"product_tag","embeddable":true,"href":"https:\/\/lucacastelli.com\/fr\/wp-json\/wp\/v2\/product_tag?post=613685"}],"curies":[{"name":"wp","href":"https:\/\/api.w.org\/{rel}","templated":true}]}}