{"id":613681,"date":"2025-08-10T08:52:08","date_gmt":"2025-08-10T06:52:08","guid":{"rendered":"https:\/\/lucacastelli.com\/prodotto\/milwaukee-cambrette-3\/"},"modified":"2025-08-10T08:52:08","modified_gmt":"2025-08-10T06:52:08","slug":"milwaukee-cambrette-3","status":"publish","type":"product","link":"https:\/\/lucacastelli.com\/fr\/produit\/milwaukee-cambrette-3\/","title":{"rendered":"Milwaukee Cambrette"},"content":{"rendered":"<p>CL\u00d4TURE 9G\/50mm 960 pcs<br \/>\nCambrette pour M18 FFUS. Compatibilit\u00e9 uniquement avec l&#8217;outil Milwaukee;Pour tous les types de cl\u00f4tures en bois, par exemple cl\u00f4ture \u00e0 b\u00e9tail, fil carr\u00e9\/cha\u00eene\/filet et fil \u00e0 haute r\u00e9sistance;Rev\u00eatement galvanis\u00e9 \u00e0 chaud pour une r\u00e9sistance sup\u00e9rieure \u00e0 la corrosion;4 mm d&#8217;\u00e9paisseur pour une meilleure durabilit\u00e9 dans les applications ext\u00e9rieures;Pointes aff\u00fbt\u00e9es et divergentes : la pointe de la cambrette se tord lorsqu&#8217;elle est enfonc\u00e9e dans le bois offrant ainsi une meilleure prise;Rev\u00eatement adh\u00e9sif rouge pour une plus grande capacit\u00e9 d&#8217;entra\u00eenement maximisant la force de maintien;Reliure en ruban de papier. <\/p>\n<p>4932480360<br \/>\n4058546406455<\/p>\n","protected":false},"excerpt":{"rendered":"<p>GRAPHETS EN PILOTES 9G\/50mm 960 pcs<\/p>\n","protected":false},"featured_media":548037,"template":"","meta":{"_seopress_robots_primary_cat":"","_seopress_titles_title":"","_seopress_titles_desc":"","_seopress_robots_index":""},"product_brand":[3658],"product_cat":[1459,1462,167],"product_tag":[3273],"class_list":{"0":"post-613681","1":"product","2":"type-product","3":"status-publish","4":"has-post-thumbnail","6":"product_brand-milwaukee-fr","7":"product_cat-accessoires-pour-cloueurs","8":"product_cat-cloueurs","9":"product_cat-machines","10":"product_tag-import-milwau-fr","11":"sws-conto-ricavi-merci-rivendita-macchinari-fr","12":"sws-gruppo-iva-iva81-fr","14":"first","15":"onbackorder","16":"sale","17":"shipping-taxable","18":"purchasable","19":"product-type-simple"},"_links":{"self":[{"href":"https:\/\/lucacastelli.com\/fr\/wp-json\/wp\/v2\/product\/613681","targetHints":{"allow":["GET"]}}],"collection":[{"href":"https:\/\/lucacastelli.com\/fr\/wp-json\/wp\/v2\/product"}],"about":[{"href":"https:\/\/lucacastelli.com\/fr\/wp-json\/wp\/v2\/types\/product"}],"wp:featuredmedia":[{"embeddable":true,"href":"https:\/\/lucacastelli.com\/fr\/wp-json\/wp\/v2\/media\/548037"}],"wp:attachment":[{"href":"https:\/\/lucacastelli.com\/fr\/wp-json\/wp\/v2\/media?parent=613681"}],"wp:term":[{"taxonomy":"product_brand","embeddable":true,"href":"https:\/\/lucacastelli.com\/fr\/wp-json\/wp\/v2\/product_brand?post=613681"},{"taxonomy":"product_cat","embeddable":true,"href":"https:\/\/lucacastelli.com\/fr\/wp-json\/wp\/v2\/product_cat?post=613681"},{"taxonomy":"product_tag","embeddable":true,"href":"https:\/\/lucacastelli.com\/fr\/wp-json\/wp\/v2\/product_tag?post=613681"}],"curies":[{"name":"wp","href":"https:\/\/api.w.org\/{rel}","templated":true}]}}