{"id":613616,"date":"2025-08-10T08:36:25","date_gmt":"2025-08-10T06:36:25","guid":{"rendered":"https:\/\/lucacastelli.com\/prodotto\/milwaukee-cle-torx-compat-pointe-spherique-t10\/"},"modified":"2025-08-10T08:36:25","modified_gmt":"2025-08-10T06:36:25","slug":"milwaukee-cle-torx-compat-pointe-spherique-t10","status":"publish","type":"product","link":"https:\/\/lucacastelli.com\/fr\/produit\/milwaukee-cle-torx-compat-pointe-spherique-t10\/","title":{"rendered":"MILWAUKEE CL\u00c9 TORX COMPAT. POINTE SPH\u00c9RIQUE T10"},"content":{"rendered":"<p>CL\u00c9 TORX COMPAT. CL\u00c9S TORX SPHERIQUES T10<br \/>\nVersion compacte pour un meilleur acc\u00e8s aux espaces restreints;L&#8217;extr\u00e9mit\u00e9 sph\u00e9rique Torx permet un acc\u00e8s \u00e0 25 degr\u00e9s \u00e0 n&#8217;importe quelle vis Torx;S\u00e9rigraphie sur la chivae pour une identification rapide et facile de l&#8217;empreinte. <\/p>\n<p>4932492706<br \/>\n4058546475772<\/p>\n","protected":false},"excerpt":{"rendered":"<p>CL\u00c9 TORX COMPAT. POINTE SPH\u00c9RIQUE T10 <\/p>\n","protected":false},"featured_media":558057,"template":"","meta":{"_seopress_robots_primary_cat":"","_seopress_titles_title":"","_seopress_titles_desc":"","_seopress_robots_index":""},"product_brand":[3658],"product_cat":[5417,144],"product_tag":[3273],"class_list":{"0":"post-613616","1":"product","2":"type-product","3":"status-publish","4":"has-post-thumbnail","6":"product_brand-milwaukee-fr","7":"product_cat-outils-pour-atelier","8":"product_cat-equipement","9":"product_tag-import-milwau-fr","10":"sws-conto-ricavi-merci-rivendita-macchinari-fr","11":"sws-gruppo-iva-iva81-fr","13":"first","14":"onbackorder","15":"sale","16":"shipping-taxable","17":"purchasable","18":"product-type-simple"},"_links":{"self":[{"href":"https:\/\/lucacastelli.com\/fr\/wp-json\/wp\/v2\/product\/613616","targetHints":{"allow":["GET"]}}],"collection":[{"href":"https:\/\/lucacastelli.com\/fr\/wp-json\/wp\/v2\/product"}],"about":[{"href":"https:\/\/lucacastelli.com\/fr\/wp-json\/wp\/v2\/types\/product"}],"wp:featuredmedia":[{"embeddable":true,"href":"https:\/\/lucacastelli.com\/fr\/wp-json\/wp\/v2\/media\/558057"}],"wp:attachment":[{"href":"https:\/\/lucacastelli.com\/fr\/wp-json\/wp\/v2\/media?parent=613616"}],"wp:term":[{"taxonomy":"product_brand","embeddable":true,"href":"https:\/\/lucacastelli.com\/fr\/wp-json\/wp\/v2\/product_brand?post=613616"},{"taxonomy":"product_cat","embeddable":true,"href":"https:\/\/lucacastelli.com\/fr\/wp-json\/wp\/v2\/product_cat?post=613616"},{"taxonomy":"product_tag","embeddable":true,"href":"https:\/\/lucacastelli.com\/fr\/wp-json\/wp\/v2\/product_tag?post=613616"}],"curies":[{"name":"wp","href":"https:\/\/api.w.org\/{rel}","templated":true}]}}