{"id":613615,"date":"2025-08-10T08:36:23","date_gmt":"2025-08-10T06:36:23","guid":{"rendered":"https:\/\/lucacastelli.com\/prodotto\/milwaukee-cle-a-rouleaux-reglable-2\/"},"modified":"2025-08-10T08:36:23","modified_gmt":"2025-08-10T06:36:23","slug":"milwaukee-cle-a-rouleaux-reglable-2","status":"publish","type":"product","link":"https:\/\/lucacastelli.com\/fr\/produit\/milwaukee-cle-a-rouleaux-reglable-2\/","title":{"rendered":"Milwaukee Cl\u00e9 \u00e0 rouleaux r\u00e9glable"},"content":{"rendered":"<p>SET 3 PZ WRENCHES RUL 150\/200\/250mm<br \/>\nRoue molet\u00e9e pour une pr\u00e9cision et une tenue maximales. La m\u00e2choire ne revient pas une fois le r\u00e9glage effectu\u00e9.;Chrom\u00e9e pour une meilleure protection contre la rouille.;Poign\u00e9e ergonomique. Arrondi pour un maximum de confort pendant l&#8217;application.;Conception \u00e0 t\u00eate fine pour atteindre les endroits \u00e9troits.;M\u00e2choires parall\u00e8les.;Imprim\u00e9 au laser en pouces\/mm pour une pr\u00e9cision maximale.;Code 48227508 ouverture de la m\u00e2choire jusqu&#8217;\u00e0 38 mm pour une meilleure ouverture m\u00eame dans les espaces restreints.;Trou sp\u00e9cial pour le lacet.<\/p>\n<p>4932493414<br \/>\n4058546482855<\/p>\n","protected":false},"excerpt":{"rendered":"<p>SET 3 PZ RUL WRENCHES 150\/200\/250mm<\/p>\n","protected":false},"featured_media":562339,"template":"","meta":{"_seopress_robots_primary_cat":"","_seopress_titles_title":"","_seopress_titles_desc":"","_seopress_robots_index":""},"product_brand":[3407],"product_cat":[5416,33],"product_tag":[3270],"class_list":{"0":"post-613615","1":"product","2":"type-product","3":"status-publish","4":"has-post-thumbnail","6":"product_brand-milwaukee","7":"product_cat-utensili-per-officina","8":"product_cat-attrezzature","9":"product_tag-import-milwau","10":"sws-conto-ricavi-merci-rivendita-macchinari-fr","11":"sws-gruppo-iva-iva81-fr","13":"first","14":"onbackorder","15":"sale","16":"shipping-taxable","17":"purchasable","18":"product-type-simple"},"_links":{"self":[{"href":"https:\/\/lucacastelli.com\/fr\/wp-json\/wp\/v2\/product\/613615","targetHints":{"allow":["GET"]}}],"collection":[{"href":"https:\/\/lucacastelli.com\/fr\/wp-json\/wp\/v2\/product"}],"about":[{"href":"https:\/\/lucacastelli.com\/fr\/wp-json\/wp\/v2\/types\/product"}],"wp:featuredmedia":[{"embeddable":true,"href":"https:\/\/lucacastelli.com\/fr\/wp-json\/wp\/v2\/media\/562339"}],"wp:attachment":[{"href":"https:\/\/lucacastelli.com\/fr\/wp-json\/wp\/v2\/media?parent=613615"}],"wp:term":[{"taxonomy":"product_brand","embeddable":true,"href":"https:\/\/lucacastelli.com\/fr\/wp-json\/wp\/v2\/product_brand?post=613615"},{"taxonomy":"product_cat","embeddable":true,"href":"https:\/\/lucacastelli.com\/fr\/wp-json\/wp\/v2\/product_cat?post=613615"},{"taxonomy":"product_tag","embeddable":true,"href":"https:\/\/lucacastelli.com\/fr\/wp-json\/wp\/v2\/product_tag?post=613615"}],"curies":[{"name":"wp","href":"https:\/\/api.w.org\/{rel}","templated":true}]}}