{"id":613609,"date":"2025-08-10T08:36:22","date_gmt":"2025-08-10T06:36:22","guid":{"rendered":"https:\/\/lucacastelli.com\/prodotto\/milwaukee-cle-a-rouleaux-reglable\/"},"modified":"2025-08-10T08:36:22","modified_gmt":"2025-08-10T06:36:22","slug":"milwaukee-cle-a-rouleaux-reglable","status":"publish","type":"product","link":"https:\/\/lucacastelli.com\/fr\/produit\/milwaukee-cle-a-rouleaux-reglable\/","title":{"rendered":"Milwaukee Cl\u00e9 \u00e0 rouleaux r\u00e9glable"},"content":{"rendered":"<p>Cl\u00e9 \u00e0 molette r\u00e9glable<br \/>\nCl\u00e9 \u00e0 molette r\u00e9glable 380mm<br \/>\nRoue molet\u00e9e pour une pr\u00e9cision et une prise en main maximales. La m\u00e2choire ne revient pas une fois le r\u00e9glage effectu\u00e9;Chrom\u00e9e pour une meilleure protection contre la rouille;Poign\u00e9e ergonomique. Arrondi pour un maximum de confort lors de l&#8217;application;T\u00eate mince pour atteindre les endroits \u00e9troits;M\u00e2choires parall\u00e8les;Imprim\u00e9 au laser en pouces\/mm pour un maximum de pr\u00e9cision;Trou de lacet sp\u00e9cial.  <\/p>\n<p>4932499516<br \/>\n4058546566807<\/p>\n","protected":false},"excerpt":{"rendered":"<p>Cl\u00e9 \u00e0 molette 380mm<\/p>\n","protected":false},"featured_media":483583,"template":"","meta":{"_seopress_robots_primary_cat":"","_seopress_titles_title":"","_seopress_titles_desc":"","_seopress_robots_index":""},"product_brand":[3407],"product_cat":[5416,33],"product_tag":[3270],"class_list":{"0":"post-613609","1":"product","2":"type-product","3":"status-publish","4":"has-post-thumbnail","6":"product_brand-milwaukee","7":"product_cat-utensili-per-officina","8":"product_cat-attrezzature","9":"product_tag-import-milwau","10":"sws-conto-ricavi-merci-rivendita-macchinari-fr","11":"sws-gruppo-iva-iva81-fr","13":"first","14":"onbackorder","15":"sale","16":"shipping-taxable","17":"purchasable","18":"product-type-simple"},"_links":{"self":[{"href":"https:\/\/lucacastelli.com\/fr\/wp-json\/wp\/v2\/product\/613609","targetHints":{"allow":["GET"]}}],"collection":[{"href":"https:\/\/lucacastelli.com\/fr\/wp-json\/wp\/v2\/product"}],"about":[{"href":"https:\/\/lucacastelli.com\/fr\/wp-json\/wp\/v2\/types\/product"}],"wp:featuredmedia":[{"embeddable":true,"href":"https:\/\/lucacastelli.com\/fr\/wp-json\/wp\/v2\/media\/483583"}],"wp:attachment":[{"href":"https:\/\/lucacastelli.com\/fr\/wp-json\/wp\/v2\/media?parent=613609"}],"wp:term":[{"taxonomy":"product_brand","embeddable":true,"href":"https:\/\/lucacastelli.com\/fr\/wp-json\/wp\/v2\/product_brand?post=613609"},{"taxonomy":"product_cat","embeddable":true,"href":"https:\/\/lucacastelli.com\/fr\/wp-json\/wp\/v2\/product_cat?post=613609"},{"taxonomy":"product_tag","embeddable":true,"href":"https:\/\/lucacastelli.com\/fr\/wp-json\/wp\/v2\/product_tag?post=613609"}],"curies":[{"name":"wp","href":"https:\/\/api.w.org\/{rel}","templated":true}]}}