{"id":613598,"date":"2025-08-10T08:18:31","date_gmt":"2025-08-10T06:18:31","guid":{"rendered":"https:\/\/lucacastelli.com\/prodotto\/milwaukee-chaines-pour-scies-electriques-2\/"},"modified":"2025-08-10T08:18:31","modified_gmt":"2025-08-10T06:18:31","slug":"milwaukee-chaines-pour-scies-electriques-2","status":"publish","type":"product","link":"https:\/\/lucacastelli.com\/fr\/produit\/milwaukee-chaines-pour-scies-electriques-2\/","title":{"rendered":"Milwaukee Cha\u00eenes pour scies \u00e9lectriques"},"content":{"rendered":"<p>CHAINE DE Tron\u00e7onneuses .325 X 508 X 1.3 &#8211; 1PC<br \/>\nCha\u00eene de rechange pour tron\u00e7onneuses M18F2CHS50<\/p>\n<p>4932498791<br \/>\n4058546526603<\/p>\n","protected":false},"excerpt":{"rendered":"<p>CHA\u00ceNE DE SCIE .325 X 508 X 1.3 &#8211; 1PC<\/p>\n","protected":false},"featured_media":600491,"template":"","meta":{"_seopress_robots_primary_cat":"","_seopress_titles_title":"","_seopress_titles_desc":"","_seopress_robots_index":""},"product_brand":[3407],"product_cat":[29,504],"product_tag":[3270],"class_list":{"0":"post-613598","1":"product","2":"type-product","3":"status-publish","4":"has-post-thumbnail","6":"product_brand-milwaukee","7":"product_cat-macchinari","8":"product_cat-catene-e-rotoli","9":"product_tag-import-milwau","10":"sws-conto-ricavi-merci-rivendita-macchinari-fr","11":"sws-gruppo-iva-iva81-fr","13":"first","14":"onbackorder","15":"sale","16":"shipping-taxable","17":"purchasable","18":"product-type-simple"},"_links":{"self":[{"href":"https:\/\/lucacastelli.com\/fr\/wp-json\/wp\/v2\/product\/613598","targetHints":{"allow":["GET"]}}],"collection":[{"href":"https:\/\/lucacastelli.com\/fr\/wp-json\/wp\/v2\/product"}],"about":[{"href":"https:\/\/lucacastelli.com\/fr\/wp-json\/wp\/v2\/types\/product"}],"wp:featuredmedia":[{"embeddable":true,"href":"https:\/\/lucacastelli.com\/fr\/wp-json\/wp\/v2\/media\/600491"}],"wp:attachment":[{"href":"https:\/\/lucacastelli.com\/fr\/wp-json\/wp\/v2\/media?parent=613598"}],"wp:term":[{"taxonomy":"product_brand","embeddable":true,"href":"https:\/\/lucacastelli.com\/fr\/wp-json\/wp\/v2\/product_brand?post=613598"},{"taxonomy":"product_cat","embeddable":true,"href":"https:\/\/lucacastelli.com\/fr\/wp-json\/wp\/v2\/product_cat?post=613598"},{"taxonomy":"product_tag","embeddable":true,"href":"https:\/\/lucacastelli.com\/fr\/wp-json\/wp\/v2\/product_tag?post=613598"}],"curies":[{"name":"wp","href":"https:\/\/api.w.org\/{rel}","templated":true}]}}