{"id":613595,"date":"2025-08-09T20:07:34","date_gmt":"2025-08-09T18:07:34","guid":{"rendered":"https:\/\/lucacastelli.com\/prodotto\/milwaukee-bois-et-plastique\/"},"modified":"2025-08-09T20:07:34","modified_gmt":"2025-08-09T18:07:34","slug":"milwaukee-bois-et-plastique","status":"publish","type":"product","link":"https:\/\/lucacastelli.com\/fr\/produit\/milwaukee-bois-et-plastique\/","title":{"rendered":"Milwaukee Bois et plastique."},"content":{"rendered":"<p>SD Lame Longueur mm\/Pas 275\/6 2pcs<br \/>\n3 fois plus tranchante pour une vitesse plus \u00e9lev\u00e9e et des coupes plus pr\u00e9cises;Les dents sont renforc\u00e9es et triplement aff\u00fbt\u00e9es pour une coupe super nette;La lame de 1,6 mm d&#8217;\u00e9paisseur r\u00e9siste \u00e0 la flexion et r\u00e9duit les vibrations. <\/p>\n<p>4932471693<br \/>\n4058546295929<\/p>\n","protected":false},"excerpt":{"rendered":"<p>LAME SD Longueur mm\/Pas 275\/6 2pcs. <\/p>\n","protected":false},"featured_media":600395,"template":"","meta":{"_seopress_robots_primary_cat":"","_seopress_titles_title":"","_seopress_titles_desc":"","_seopress_robots_index":""},"product_brand":[3407],"product_cat":[5416,33],"product_tag":[3270],"class_list":{"0":"post-613595","1":"product","2":"type-product","3":"status-publish","4":"has-post-thumbnail","6":"product_brand-milwaukee","7":"product_cat-utensili-per-officina","8":"product_cat-attrezzature","9":"product_tag-import-milwau","10":"sws-conto-ricavi-merci-rivendita-macchinari-fr","11":"sws-gruppo-iva-iva81-fr","13":"first","14":"onbackorder","15":"sale","16":"shipping-taxable","17":"purchasable","18":"product-type-simple"},"_links":{"self":[{"href":"https:\/\/lucacastelli.com\/fr\/wp-json\/wp\/v2\/product\/613595","targetHints":{"allow":["GET"]}}],"collection":[{"href":"https:\/\/lucacastelli.com\/fr\/wp-json\/wp\/v2\/product"}],"about":[{"href":"https:\/\/lucacastelli.com\/fr\/wp-json\/wp\/v2\/types\/product"}],"wp:featuredmedia":[{"embeddable":true,"href":"https:\/\/lucacastelli.com\/fr\/wp-json\/wp\/v2\/media\/600395"}],"wp:attachment":[{"href":"https:\/\/lucacastelli.com\/fr\/wp-json\/wp\/v2\/media?parent=613595"}],"wp:term":[{"taxonomy":"product_brand","embeddable":true,"href":"https:\/\/lucacastelli.com\/fr\/wp-json\/wp\/v2\/product_brand?post=613595"},{"taxonomy":"product_cat","embeddable":true,"href":"https:\/\/lucacastelli.com\/fr\/wp-json\/wp\/v2\/product_cat?post=613595"},{"taxonomy":"product_tag","embeddable":true,"href":"https:\/\/lucacastelli.com\/fr\/wp-json\/wp\/v2\/product_tag?post=613595"}],"curies":[{"name":"wp","href":"https:\/\/api.w.org\/{rel}","templated":true}]}}