{"id":613592,"date":"2025-08-10T08:18:30","date_gmt":"2025-08-10T06:18:30","guid":{"rendered":"https:\/\/lucacastelli.com\/prodotto\/milwaukee-chaines-pour-scies-electriques\/"},"modified":"2025-08-10T08:18:30","modified_gmt":"2025-08-10T06:18:30","slug":"milwaukee-chaines-pour-scies-electriques","status":"publish","type":"product","link":"https:\/\/lucacastelli.com\/fr\/produit\/milwaukee-chaines-pour-scies-electriques\/","title":{"rendered":"Milwaukee Cha\u00eenes pour scies \u00e9lectriques"},"content":{"rendered":"<p>Cha\u00eene de remplacement pour M18 FHS20 \/ACC SIST<br \/>\nCha\u00eene de remplacement pour scie \u00e0 branche M18\u2122 FHS20<\/p>\n<p>4932480176<br \/>\n4058546404611.<\/p>\n","protected":false},"excerpt":{"rendered":"<p>Cha\u00eene de remplacement pour M18 FHS20 \/ACC SIST<\/p>\n","protected":false},"featured_media":547167,"template":"","meta":{"_seopress_robots_primary_cat":"","_seopress_titles_title":"","_seopress_titles_desc":"","_seopress_robots_index":""},"product_brand":[3407],"product_cat":[29,504],"product_tag":[3270],"class_list":{"0":"post-613592","1":"product","2":"type-product","3":"status-publish","4":"has-post-thumbnail","6":"product_brand-milwaukee","7":"product_cat-macchinari","8":"product_cat-catene-e-rotoli","9":"product_tag-import-milwau","10":"sws-conto-ricavi-merci-rivendita-macchinari-fr","11":"sws-gruppo-iva-iva81-fr","13":"first","14":"onbackorder","15":"sale","16":"shipping-taxable","17":"purchasable","18":"product-type-simple"},"_links":{"self":[{"href":"https:\/\/lucacastelli.com\/fr\/wp-json\/wp\/v2\/product\/613592","targetHints":{"allow":["GET"]}}],"collection":[{"href":"https:\/\/lucacastelli.com\/fr\/wp-json\/wp\/v2\/product"}],"about":[{"href":"https:\/\/lucacastelli.com\/fr\/wp-json\/wp\/v2\/types\/product"}],"wp:featuredmedia":[{"embeddable":true,"href":"https:\/\/lucacastelli.com\/fr\/wp-json\/wp\/v2\/media\/547167"}],"wp:attachment":[{"href":"https:\/\/lucacastelli.com\/fr\/wp-json\/wp\/v2\/media?parent=613592"}],"wp:term":[{"taxonomy":"product_brand","embeddable":true,"href":"https:\/\/lucacastelli.com\/fr\/wp-json\/wp\/v2\/product_brand?post=613592"},{"taxonomy":"product_cat","embeddable":true,"href":"https:\/\/lucacastelli.com\/fr\/wp-json\/wp\/v2\/product_cat?post=613592"},{"taxonomy":"product_tag","embeddable":true,"href":"https:\/\/lucacastelli.com\/fr\/wp-json\/wp\/v2\/product_tag?post=613592"}],"curies":[{"name":"wp","href":"https:\/\/api.w.org\/{rel}","templated":true}]}}