{"id":613590,"date":"2025-08-09T20:02:13","date_gmt":"2025-08-09T18:02:13","guid":{"rendered":"https:\/\/lucacastelli.com\/prodotto\/milwaukee-marteau-en-acier-avec-griffe-incurvee\/"},"modified":"2025-08-09T20:02:13","modified_gmt":"2025-08-09T18:02:13","slug":"milwaukee-marteau-en-acier-avec-griffe-incurvee","status":"publish","type":"product","link":"https:\/\/lucacastelli.com\/fr\/produit\/milwaukee-marteau-en-acier-avec-griffe-incurvee\/","title":{"rendered":"Milwaukee Marteau en acier avec griffe incurv\u00e9e"},"content":{"rendered":"<p>Marteau \u00e0 griffe courb\u00e9e en acier 16oz \/ 450g<br \/>\nSHOCKSHIELD\u2122 manche absorbant les chocs pour r\u00e9duire les vibrations de la pointe;Griffe courb\u00e9e r\u00e9duisant les dommages lors de l&#8217;extraction des clous;Prise magn\u00e9tique pour une s\u00e9curit\u00e9 maximale;Extracteur de clous lat\u00e9ral;La forme en I du manche r\u00e9siste \u00e0 la flexion pendant les travaux d&#8217;enl\u00e8vement;\u00c9quilibre parfait<\/p>\n<p>4932478655<br \/>\n4058546348489.<\/p>\n","protected":false},"excerpt":{"rendered":"<p>Marteau \u00e0 griffes en acier courb\u00e9 16oz \/ 450g<\/p>\n","protected":false},"featured_media":541469,"template":"","meta":{"_seopress_robots_primary_cat":"","_seopress_titles_title":"","_seopress_titles_desc":"","_seopress_robots_index":""},"product_brand":[3658],"product_cat":[144,5417],"product_tag":[3273],"class_list":{"0":"post-613590","1":"product","2":"type-product","3":"status-publish","4":"has-post-thumbnail","6":"product_brand-milwaukee-fr","7":"product_cat-equipement","8":"product_cat-outils-pour-atelier","9":"product_tag-import-milwau-fr","10":"sws-conto-ricavi-merci-rivendita-macchinari-fr","11":"sws-gruppo-iva-iva81-fr","13":"first","14":"onbackorder","15":"sale","16":"shipping-taxable","17":"purchasable","18":"product-type-simple"},"_links":{"self":[{"href":"https:\/\/lucacastelli.com\/fr\/wp-json\/wp\/v2\/product\/613590","targetHints":{"allow":["GET"]}}],"collection":[{"href":"https:\/\/lucacastelli.com\/fr\/wp-json\/wp\/v2\/product"}],"about":[{"href":"https:\/\/lucacastelli.com\/fr\/wp-json\/wp\/v2\/types\/product"}],"wp:featuredmedia":[{"embeddable":true,"href":"https:\/\/lucacastelli.com\/fr\/wp-json\/wp\/v2\/media\/541469"}],"wp:attachment":[{"href":"https:\/\/lucacastelli.com\/fr\/wp-json\/wp\/v2\/media?parent=613590"}],"wp:term":[{"taxonomy":"product_brand","embeddable":true,"href":"https:\/\/lucacastelli.com\/fr\/wp-json\/wp\/v2\/product_brand?post=613590"},{"taxonomy":"product_cat","embeddable":true,"href":"https:\/\/lucacastelli.com\/fr\/wp-json\/wp\/v2\/product_cat?post=613590"},{"taxonomy":"product_tag","embeddable":true,"href":"https:\/\/lucacastelli.com\/fr\/wp-json\/wp\/v2\/product_tag?post=613590"}],"curies":[{"name":"wp","href":"https:\/\/api.w.org\/{rel}","templated":true}]}}