{"id":613576,"date":"2025-08-09T19:57:40","date_gmt":"2025-08-09T17:57:40","guid":{"rendered":"https:\/\/lucacastelli.com\/prodotto\/milwaukee-maillet-avec-manche-en-fibre-de-verre-2\/"},"modified":"2025-08-09T19:57:40","modified_gmt":"2025-08-09T17:57:40","slug":"milwaukee-maillet-avec-manche-en-fibre-de-verre-2","status":"publish","type":"product","link":"https:\/\/lucacastelli.com\/fr\/produit\/milwaukee-maillet-avec-manche-en-fibre-de-verre-2\/","title":{"rendered":"Milwaukee Maillet avec manche en fibre de verre"},"content":{"rendered":"<p>1.81KG \/4LBS Fiberglass Sledge Hammer<br \/>\nLong manche pour des coups contr\u00f4l\u00e9s et une puissance accrue;La garde renforc\u00e9e augmente la r\u00e9sistance au point d&#8217;usure le plus important;Noyau en fibre de verre pour une longue dur\u00e9e de vie et une force d&#8217;impact \u00e9lev\u00e9e;Poign\u00e9e recouverte de caoutchouc pour une sensation agr\u00e9able et une r\u00e9duction des vibrations;Trou pour une fixation facile \u00e0 une attache Milwaukee lors de travaux au-dessus de la t\u00eate.<\/p>\n<p>4932498307<\/p>\n","protected":false},"excerpt":{"rendered":"<p>1.81KG \/4LBS Marteau de forge en fibre de verre<\/p>\n","protected":false},"featured_media":567127,"template":"","meta":{"_seopress_robots_primary_cat":"","_seopress_titles_title":"","_seopress_titles_desc":"","_seopress_robots_index":""},"product_brand":[3658],"product_cat":[144,5417],"product_tag":[3273],"class_list":{"0":"post-613576","1":"product","2":"type-product","3":"status-publish","4":"has-post-thumbnail","6":"product_brand-milwaukee-fr","7":"product_cat-equipement","8":"product_cat-outils-pour-atelier","9":"product_tag-import-milwau-fr","10":"sws-conto-ricavi-merci-rivendita-macchinari-fr","11":"sws-gruppo-iva-iva81-fr","13":"first","14":"onbackorder","15":"sale","16":"shipping-taxable","17":"purchasable","18":"product-type-simple"},"_links":{"self":[{"href":"https:\/\/lucacastelli.com\/fr\/wp-json\/wp\/v2\/product\/613576","targetHints":{"allow":["GET"]}}],"collection":[{"href":"https:\/\/lucacastelli.com\/fr\/wp-json\/wp\/v2\/product"}],"about":[{"href":"https:\/\/lucacastelli.com\/fr\/wp-json\/wp\/v2\/types\/product"}],"wp:featuredmedia":[{"embeddable":true,"href":"https:\/\/lucacastelli.com\/fr\/wp-json\/wp\/v2\/media\/567127"}],"wp:attachment":[{"href":"https:\/\/lucacastelli.com\/fr\/wp-json\/wp\/v2\/media?parent=613576"}],"wp:term":[{"taxonomy":"product_brand","embeddable":true,"href":"https:\/\/lucacastelli.com\/fr\/wp-json\/wp\/v2\/product_brand?post=613576"},{"taxonomy":"product_cat","embeddable":true,"href":"https:\/\/lucacastelli.com\/fr\/wp-json\/wp\/v2\/product_cat?post=613576"},{"taxonomy":"product_tag","embeddable":true,"href":"https:\/\/lucacastelli.com\/fr\/wp-json\/wp\/v2\/product_tag?post=613576"}],"curies":[{"name":"wp","href":"https:\/\/api.w.org\/{rel}","templated":true}]}}