{"id":613572,"date":"2025-08-09T19:57:41","date_gmt":"2025-08-09T17:57:41","guid":{"rendered":"https:\/\/lucacastelli.com\/prodotto\/milwaukee-maillet-avec-manche-en-fibre-de-verre\/"},"modified":"2025-08-09T19:57:41","modified_gmt":"2025-08-09T17:57:41","slug":"milwaukee-maillet-avec-manche-en-fibre-de-verre","status":"publish","type":"product","link":"https:\/\/lucacastelli.com\/fr\/produit\/milwaukee-maillet-avec-manche-en-fibre-de-verre\/","title":{"rendered":"Milwaukee Maillet avec manche en fibre de verre"},"content":{"rendered":"<p>1.13 KG\/2.5LBS Fiberglass Sledge Hammer<br \/>\nLong manche pour des coups contr\u00f4l\u00e9s et une puissance accrue;Garde renforc\u00e9e augmentant la r\u00e9sistance au point d&#8217;usure le plus important;Noyau en fibre de verre pour une longue dur\u00e9e de vie et une force d&#8217;impact \u00e9lev\u00e9e;Manche recouvert de caoutchouc pour une sensation agr\u00e9able et une r\u00e9duction des vibrations;Trou pour une fixation facile \u00e0 une attache Milwaukee lors de travaux au-dessus de la t\u00eate.<\/p>\n<p>4932498305<br \/>\n4058546521745<\/p>\n","protected":false},"excerpt":{"rendered":"<p>1.13 KG\/2.5LBS Marteau de forge en fibre de verre<\/p>\n","protected":false},"featured_media":567093,"template":"","meta":{"_seopress_robots_primary_cat":"","_seopress_titles_title":"","_seopress_titles_desc":"","_seopress_robots_index":""},"product_brand":[3658],"product_cat":[144,5417],"product_tag":[3273],"class_list":{"0":"post-613572","1":"product","2":"type-product","3":"status-publish","4":"has-post-thumbnail","6":"product_brand-milwaukee-fr","7":"product_cat-equipement","8":"product_cat-outils-pour-atelier","9":"product_tag-import-milwau-fr","10":"sws-conto-ricavi-merci-rivendita-macchinari-fr","11":"sws-gruppo-iva-iva81-fr","13":"first","14":"onbackorder","15":"sale","16":"shipping-taxable","17":"purchasable","18":"product-type-simple"},"_links":{"self":[{"href":"https:\/\/lucacastelli.com\/fr\/wp-json\/wp\/v2\/product\/613572","targetHints":{"allow":["GET"]}}],"collection":[{"href":"https:\/\/lucacastelli.com\/fr\/wp-json\/wp\/v2\/product"}],"about":[{"href":"https:\/\/lucacastelli.com\/fr\/wp-json\/wp\/v2\/types\/product"}],"wp:featuredmedia":[{"embeddable":true,"href":"https:\/\/lucacastelli.com\/fr\/wp-json\/wp\/v2\/media\/567093"}],"wp:attachment":[{"href":"https:\/\/lucacastelli.com\/fr\/wp-json\/wp\/v2\/media?parent=613572"}],"wp:term":[{"taxonomy":"product_brand","embeddable":true,"href":"https:\/\/lucacastelli.com\/fr\/wp-json\/wp\/v2\/product_brand?post=613572"},{"taxonomy":"product_cat","embeddable":true,"href":"https:\/\/lucacastelli.com\/fr\/wp-json\/wp\/v2\/product_cat?post=613572"},{"taxonomy":"product_tag","embeddable":true,"href":"https:\/\/lucacastelli.com\/fr\/wp-json\/wp\/v2\/product_tag?post=613572"}],"curies":[{"name":"wp","href":"https:\/\/api.w.org\/{rel}","templated":true}]}}