{"id":613571,"date":"2025-08-09T19:57:39","date_gmt":"2025-08-09T17:57:39","guid":{"rendered":"https:\/\/lucacastelli.com\/prodotto\/milwaukee-maillet-a-double-tete-avec-manche-en-fibre-de-verre-2\/"},"modified":"2025-08-09T19:57:39","modified_gmt":"2025-08-09T17:57:39","slug":"milwaukee-maillet-a-double-tete-avec-manche-en-fibre-de-verre-2","status":"publish","type":"product","link":"https:\/\/lucacastelli.com\/fr\/produit\/milwaukee-maillet-a-double-tete-avec-manche-en-fibre-de-verre-2\/","title":{"rendered":"Milwaukee Maillet \u00e0 double t\u00eate avec manche en fibre de verre."},"content":{"rendered":"<p>1.13 KG\/2.5LBS Cross-Peen Hammer<br \/>\nManche plus long pour des coups contr\u00f4l\u00e9s et une puissance accrue;Garde renforc\u00e9e augmentant la r\u00e9sistance au point d&#8217;usure le plus important;Noyau en fibre de verre pour une longue dur\u00e9e de vie;Poign\u00e9e recouverte de caoutchouc pour un grand confort d&#8217;utilisation et une sensation agr\u00e9able;Trou pour une fixation facile \u00e0 une attache Milwaukee lors de travaux au-dessus de la t\u00eate.<\/p>\n<p>4932498306<br \/>\n4058546521752<\/p>\n","protected":false},"excerpt":{"rendered":"<p>1.13 KG\/2.5LBS Marteau en croix<\/p>\n","protected":false},"featured_media":567110,"template":"","meta":{"_seopress_robots_primary_cat":"","_seopress_titles_title":"","_seopress_titles_desc":"","_seopress_robots_index":""},"product_brand":[3407],"product_cat":[5416,33],"product_tag":[3270],"class_list":{"0":"post-613571","1":"product","2":"type-product","3":"status-publish","4":"has-post-thumbnail","6":"product_brand-milwaukee","7":"product_cat-utensili-per-officina","8":"product_cat-attrezzature","9":"product_tag-import-milwau","10":"sws-conto-ricavi-merci-rivendita-macchinari-fr","11":"sws-gruppo-iva-iva81-fr","13":"first","14":"onbackorder","15":"sale","16":"shipping-taxable","17":"purchasable","18":"product-type-simple"},"_links":{"self":[{"href":"https:\/\/lucacastelli.com\/fr\/wp-json\/wp\/v2\/product\/613571","targetHints":{"allow":["GET"]}}],"collection":[{"href":"https:\/\/lucacastelli.com\/fr\/wp-json\/wp\/v2\/product"}],"about":[{"href":"https:\/\/lucacastelli.com\/fr\/wp-json\/wp\/v2\/types\/product"}],"wp:featuredmedia":[{"embeddable":true,"href":"https:\/\/lucacastelli.com\/fr\/wp-json\/wp\/v2\/media\/567110"}],"wp:attachment":[{"href":"https:\/\/lucacastelli.com\/fr\/wp-json\/wp\/v2\/media?parent=613571"}],"wp:term":[{"taxonomy":"product_brand","embeddable":true,"href":"https:\/\/lucacastelli.com\/fr\/wp-json\/wp\/v2\/product_brand?post=613571"},{"taxonomy":"product_cat","embeddable":true,"href":"https:\/\/lucacastelli.com\/fr\/wp-json\/wp\/v2\/product_cat?post=613571"},{"taxonomy":"product_tag","embeddable":true,"href":"https:\/\/lucacastelli.com\/fr\/wp-json\/wp\/v2\/product_tag?post=613571"}],"curies":[{"name":"wp","href":"https:\/\/api.w.org\/{rel}","templated":true}]}}