{"id":613563,"date":"2025-08-09T19:57:36","date_gmt":"2025-08-09T17:57:36","guid":{"rendered":"https:\/\/lucacastelli.com\/prodotto\/milwaukee-maillet-a-double-face\/"},"modified":"2025-08-09T19:57:36","modified_gmt":"2025-08-09T17:57:36","slug":"milwaukee-maillet-a-double-face","status":"publish","type":"product","link":"https:\/\/lucacastelli.com\/fr\/produit\/milwaukee-maillet-a-double-face\/","title":{"rendered":"Milwaukee Maillet \u00e0 double face"},"content":{"rendered":"<p>0.91 KG \/ 2 LBS Club Hammer<br \/>\nPolyvalence assur\u00e9e par la double face : face frais\u00e9e pour une prise maximale sur les ciseaux \u00e0 main ou les gros clous, face lisse pour \u00e9viter d&#8217;endommager les surfaces affect\u00e9es;Protection contre les surtensions pour augmenter la durabilit\u00e9;Manche en fibre de verre avec poign\u00e9e surmoul\u00e9e pour une meilleure prise en main et un plus grand confort;Longe anti-chute pour se conformer aux r\u00e8gles de s\u00e9curit\u00e9 lors des travaux en hauteur<\/p>\n<p>4932498304 4058546521738<\/p>\n","protected":false},"excerpt":{"rendered":"<p>0,91 KG \/ 2 LBS Marteau de club<\/p>\n","protected":false},"featured_media":567076,"template":"","meta":{"_seopress_robots_primary_cat":"","_seopress_titles_title":"","_seopress_titles_desc":"","_seopress_robots_index":""},"product_brand":[3658],"product_cat":[144,5417],"product_tag":[3273],"class_list":{"0":"post-613563","1":"product","2":"type-product","3":"status-publish","4":"has-post-thumbnail","6":"product_brand-milwaukee-fr","7":"product_cat-equipement","8":"product_cat-outils-pour-atelier","9":"product_tag-import-milwau-fr","10":"sws-conto-ricavi-merci-rivendita-macchinari-fr","11":"sws-gruppo-iva-iva81-fr","13":"first","14":"onbackorder","15":"sale","16":"shipping-taxable","17":"purchasable","18":"product-type-simple"},"_links":{"self":[{"href":"https:\/\/lucacastelli.com\/fr\/wp-json\/wp\/v2\/product\/613563","targetHints":{"allow":["GET"]}}],"collection":[{"href":"https:\/\/lucacastelli.com\/fr\/wp-json\/wp\/v2\/product"}],"about":[{"href":"https:\/\/lucacastelli.com\/fr\/wp-json\/wp\/v2\/types\/product"}],"wp:featuredmedia":[{"embeddable":true,"href":"https:\/\/lucacastelli.com\/fr\/wp-json\/wp\/v2\/media\/567076"}],"wp:attachment":[{"href":"https:\/\/lucacastelli.com\/fr\/wp-json\/wp\/v2\/media?parent=613563"}],"wp:term":[{"taxonomy":"product_brand","embeddable":true,"href":"https:\/\/lucacastelli.com\/fr\/wp-json\/wp\/v2\/product_brand?post=613563"},{"taxonomy":"product_cat","embeddable":true,"href":"https:\/\/lucacastelli.com\/fr\/wp-json\/wp\/v2\/product_cat?post=613563"},{"taxonomy":"product_tag","embeddable":true,"href":"https:\/\/lucacastelli.com\/fr\/wp-json\/wp\/v2\/product_tag?post=613563"}],"curies":[{"name":"wp","href":"https:\/\/api.w.org\/{rel}","templated":true}]}}