{"id":613557,"date":"2025-08-09T19:57:35","date_gmt":"2025-08-09T17:57:35","guid":{"rendered":"https:\/\/lucacastelli.com\/prodotto\/milwaukee-mini-cutters\/"},"modified":"2025-08-09T19:57:35","modified_gmt":"2025-08-09T17:57:35","slug":"milwaukee-mini-cutters","status":"publish","type":"product","link":"https:\/\/lucacastelli.com\/fr\/produit\/milwaukee-mini-cutters\/","title":{"rendered":"Milwaukee Mini cutters"},"content":{"rendered":"<p>Mini pince coupante<br \/>\nMINI TRONCHESE<br \/>\nCon\u00e7ue pour \u00eatre utilis\u00e9e dans les espaces restreints;Bords tremp\u00e9s pour des coupes pr\u00e9cises et r\u00e9guli\u00e8res sur les fils fins et les colliers de c\u00e2blage;Conception \u00e0 ressort pour une efficacit\u00e9 maximale et une r\u00e9duction de la fatigue de la main lors de l&#8217;utilisation de l&#8217;outil;Protection contre la rouille pour une meilleure r\u00e9sistance \u00e0 la corrosion;Poign\u00e9e ergonomique pour un plus grand confort<\/p>\n<p>4932499024<br \/>\n4058546528935<\/p>\n","protected":false},"excerpt":{"rendered":"<p>MINI TRONCHESE<\/p>\n","protected":false},"featured_media":592363,"template":"","meta":{"_seopress_robots_primary_cat":"","_seopress_titles_title":"","_seopress_titles_desc":"","_seopress_robots_index":""},"product_brand":[3658],"product_cat":[144,5417],"product_tag":[3273],"class_list":{"0":"post-613557","1":"product","2":"type-product","3":"status-publish","4":"has-post-thumbnail","6":"product_brand-milwaukee-fr","7":"product_cat-equipement","8":"product_cat-outils-pour-atelier","9":"product_tag-import-milwau-fr","10":"sws-conto-ricavi-merci-rivendita-macchinari-fr","11":"sws-gruppo-iva-iva81-fr","13":"first","14":"onbackorder","15":"sale","16":"shipping-taxable","17":"purchasable","18":"product-type-simple"},"_links":{"self":[{"href":"https:\/\/lucacastelli.com\/fr\/wp-json\/wp\/v2\/product\/613557","targetHints":{"allow":["GET"]}}],"collection":[{"href":"https:\/\/lucacastelli.com\/fr\/wp-json\/wp\/v2\/product"}],"about":[{"href":"https:\/\/lucacastelli.com\/fr\/wp-json\/wp\/v2\/types\/product"}],"wp:featuredmedia":[{"embeddable":true,"href":"https:\/\/lucacastelli.com\/fr\/wp-json\/wp\/v2\/media\/592363"}],"wp:attachment":[{"href":"https:\/\/lucacastelli.com\/fr\/wp-json\/wp\/v2\/media?parent=613557"}],"wp:term":[{"taxonomy":"product_brand","embeddable":true,"href":"https:\/\/lucacastelli.com\/fr\/wp-json\/wp\/v2\/product_brand?post=613557"},{"taxonomy":"product_cat","embeddable":true,"href":"https:\/\/lucacastelli.com\/fr\/wp-json\/wp\/v2\/product_cat?post=613557"},{"taxonomy":"product_tag","embeddable":true,"href":"https:\/\/lucacastelli.com\/fr\/wp-json\/wp\/v2\/product_tag?post=613557"}],"curies":[{"name":"wp","href":"https:\/\/api.w.org\/{rel}","templated":true}]}}