{"id":613542,"date":"2025-08-09T19:57:03","date_gmt":"2025-08-09T17:57:03","guid":{"rendered":"https:\/\/lucacastelli.com\/prodotto\/milwaukee-modules-souples-vides-pour-chariots-11\/"},"modified":"2025-08-09T19:57:03","modified_gmt":"2025-08-09T17:57:03","slug":"milwaukee-modules-souples-vides-pour-chariots-11","status":"publish","type":"product","link":"https:\/\/lucacastelli.com\/fr\/produit\/milwaukee-modules-souples-vides-pour-chariots-11\/","title":{"rendered":"Milwaukee Modules souples vides pour chariots"},"content":{"rendered":"<p>ENSEMBLE DE MODULES VIDE GIRAV CUTTING ET PHILIPS<br \/>\nInserts en mousse de haute qualit\u00e9 et durables pour placer proprement les outils dans les tiroirs des chariots.;Pr\u00e9d\u00e9coup\u00e9s au laser pour un placement pr\u00e9cis des outils.<\/p>\n<p>4932493672<br \/>\n4058546508326<\/p>\n","protected":false},"excerpt":{"rendered":"<p>ENSEMBLE DE MODULES VIDES GIRAV CUT ET PHILIPS<\/p>\n","protected":false},"featured_media":563278,"template":"","meta":{"_seopress_robots_primary_cat":"","_seopress_titles_title":"","_seopress_titles_desc":"","_seopress_robots_index":""},"product_brand":[3407],"product_cat":[5416,33],"product_tag":[3270],"class_list":{"0":"post-613542","1":"product","2":"type-product","3":"status-publish","4":"has-post-thumbnail","6":"product_brand-milwaukee","7":"product_cat-utensili-per-officina","8":"product_cat-attrezzature","9":"product_tag-import-milwau","10":"sws-conto-ricavi-merci-rivendita-macchinari-fr","11":"sws-gruppo-iva-iva81-fr","13":"first","14":"onbackorder","15":"sale","16":"shipping-taxable","17":"purchasable","18":"product-type-simple"},"_links":{"self":[{"href":"https:\/\/lucacastelli.com\/fr\/wp-json\/wp\/v2\/product\/613542","targetHints":{"allow":["GET"]}}],"collection":[{"href":"https:\/\/lucacastelli.com\/fr\/wp-json\/wp\/v2\/product"}],"about":[{"href":"https:\/\/lucacastelli.com\/fr\/wp-json\/wp\/v2\/types\/product"}],"wp:featuredmedia":[{"embeddable":true,"href":"https:\/\/lucacastelli.com\/fr\/wp-json\/wp\/v2\/media\/563278"}],"wp:attachment":[{"href":"https:\/\/lucacastelli.com\/fr\/wp-json\/wp\/v2\/media?parent=613542"}],"wp:term":[{"taxonomy":"product_brand","embeddable":true,"href":"https:\/\/lucacastelli.com\/fr\/wp-json\/wp\/v2\/product_brand?post=613542"},{"taxonomy":"product_cat","embeddable":true,"href":"https:\/\/lucacastelli.com\/fr\/wp-json\/wp\/v2\/product_cat?post=613542"},{"taxonomy":"product_tag","embeddable":true,"href":"https:\/\/lucacastelli.com\/fr\/wp-json\/wp\/v2\/product_tag?post=613542"}],"curies":[{"name":"wp","href":"https:\/\/api.w.org\/{rel}","templated":true}]}}