{"id":613541,"date":"2025-08-09T19:57:00","date_gmt":"2025-08-09T17:57:00","guid":{"rendered":"https:\/\/lucacastelli.com\/prodotto\/milwaukee-modules-souples-vides-pour-chariots-10\/"},"modified":"2025-08-09T19:57:00","modified_gmt":"2025-08-09T17:57:00","slug":"milwaukee-modules-souples-vides-pour-chariots-10","status":"publish","type":"product","link":"https:\/\/lucacastelli.com\/fr\/produit\/milwaukee-modules-souples-vides-pour-chariots-10\/","title":{"rendered":"Milwaukee Modules souples vides pour chariots"},"content":{"rendered":"<p>ENSEMBLE DE MODULES VIDE UTEN ISOL\u00c9 1000V N\u00b02<br \/>\nInserts en mousse r\u00e9sistants et de haute qualit\u00e9 pour placer proprement les outils dans les tiroirs des chariots.;Pr\u00e9d\u00e9coupage au laser pour un placement pr\u00e9cis des outils.<\/p>\n<p>4932493675<br \/>\n4058546508357<\/p>\n","protected":false},"excerpt":{"rendered":"<p>ENSEMBLE DE MODULES VIDES UTEN ISOL\u00c9 1000V NO. 2<\/p>\n","protected":false},"featured_media":563305,"template":"","meta":{"_seopress_robots_primary_cat":"","_seopress_titles_title":"","_seopress_titles_desc":"","_seopress_robots_index":""},"product_brand":[3658],"product_cat":[5417,144],"product_tag":[3273],"class_list":{"0":"post-613541","1":"product","2":"type-product","3":"status-publish","4":"has-post-thumbnail","6":"product_brand-milwaukee-fr","7":"product_cat-outils-pour-atelier","8":"product_cat-equipement","9":"product_tag-import-milwau-fr","10":"sws-conto-ricavi-merci-rivendita-macchinari-fr","11":"sws-gruppo-iva-iva81-fr","13":"first","14":"onbackorder","15":"sale","16":"shipping-taxable","17":"purchasable","18":"product-type-simple"},"_links":{"self":[{"href":"https:\/\/lucacastelli.com\/fr\/wp-json\/wp\/v2\/product\/613541","targetHints":{"allow":["GET"]}}],"collection":[{"href":"https:\/\/lucacastelli.com\/fr\/wp-json\/wp\/v2\/product"}],"about":[{"href":"https:\/\/lucacastelli.com\/fr\/wp-json\/wp\/v2\/types\/product"}],"wp:featuredmedia":[{"embeddable":true,"href":"https:\/\/lucacastelli.com\/fr\/wp-json\/wp\/v2\/media\/563305"}],"wp:attachment":[{"href":"https:\/\/lucacastelli.com\/fr\/wp-json\/wp\/v2\/media?parent=613541"}],"wp:term":[{"taxonomy":"product_brand","embeddable":true,"href":"https:\/\/lucacastelli.com\/fr\/wp-json\/wp\/v2\/product_brand?post=613541"},{"taxonomy":"product_cat","embeddable":true,"href":"https:\/\/lucacastelli.com\/fr\/wp-json\/wp\/v2\/product_cat?post=613541"},{"taxonomy":"product_tag","embeddable":true,"href":"https:\/\/lucacastelli.com\/fr\/wp-json\/wp\/v2\/product_tag?post=613541"}],"curies":[{"name":"wp","href":"https:\/\/api.w.org\/{rel}","templated":true}]}}