{"id":613496,"date":"2025-08-10T12:27:28","date_gmt":"2025-08-10T10:27:28","guid":{"rendered":"https:\/\/lucacastelli.com\/prodotto\/polisseuse-milwaukee-1450w-2\/"},"modified":"2025-08-10T12:27:28","modified_gmt":"2025-08-10T10:27:28","slug":"polisseuse-milwaukee-1450w-2","status":"publish","type":"product","link":"https:\/\/lucacastelli.com\/fr\/produit\/polisseuse-milwaukee-1450w-2\/","title":{"rendered":"Polisseuse Milwaukee 1450W"},"content":{"rendered":"<p>Polisseuse 1450W<br \/>\nAP14-2200EKIT\/LEVERS<br \/>\nPuissant moteur de 1450 W pour des performances de polissage optimales;Couple \u00e9lev\u00e9 pour une vitesse constante m\u00eame sous charge;S\u00e9lecteur de vitesse variable de 490 &#8211; 2100 tr\/min pour diff\u00e9rentes applications;7 vitesses ;Protection thermique contre la surchauffe;Poign\u00e9e avant sp\u00e9ciale pour une prise en main confortable;Bouton de verrouillage de l&#8217;arbre en position prot\u00e9g\u00e9e;Interrupteur verrouillable;Tampon de support flexible avec Velcro;C\u00e2ble PUR de 6 m<\/p>\n<p>4933493427<br \/>\n4058546482985<\/p>\n","protected":false},"excerpt":{"rendered":"<p>AP14-2200EKIT\/SANDERS<\/p>\n","protected":false},"featured_media":569742,"template":"","meta":{"_seopress_robots_primary_cat":"","_seopress_titles_title":"","_seopress_titles_desc":"","_seopress_robots_index":""},"product_brand":[3658],"product_cat":[1453,5532,167],"product_tag":[3273],"class_list":{"0":"post-613496","1":"product","2":"type-product","3":"status-publish","4":"has-post-thumbnail","6":"product_brand-milwaukee-fr","7":"product_cat-autres-appareils","8":"product_cat-diverses-machines-milwaukee","9":"product_cat-machines","10":"product_tag-import-milwau-fr","11":"sws-conto-ricavi-merci-rivendita-macchinari-fr","12":"sws-gruppo-iva-iva81-fr","14":"first","15":"onbackorder","16":"sale","17":"shipping-taxable","18":"purchasable","19":"product-type-simple"},"_links":{"self":[{"href":"https:\/\/lucacastelli.com\/fr\/wp-json\/wp\/v2\/product\/613496","targetHints":{"allow":["GET"]}}],"collection":[{"href":"https:\/\/lucacastelli.com\/fr\/wp-json\/wp\/v2\/product"}],"about":[{"href":"https:\/\/lucacastelli.com\/fr\/wp-json\/wp\/v2\/types\/product"}],"wp:featuredmedia":[{"embeddable":true,"href":"https:\/\/lucacastelli.com\/fr\/wp-json\/wp\/v2\/media\/569742"}],"wp:attachment":[{"href":"https:\/\/lucacastelli.com\/fr\/wp-json\/wp\/v2\/media?parent=613496"}],"wp:term":[{"taxonomy":"product_brand","embeddable":true,"href":"https:\/\/lucacastelli.com\/fr\/wp-json\/wp\/v2\/product_brand?post=613496"},{"taxonomy":"product_cat","embeddable":true,"href":"https:\/\/lucacastelli.com\/fr\/wp-json\/wp\/v2\/product_cat?post=613496"},{"taxonomy":"product_tag","embeddable":true,"href":"https:\/\/lucacastelli.com\/fr\/wp-json\/wp\/v2\/product_tag?post=613496"}],"curies":[{"name":"wp","href":"https:\/\/api.w.org\/{rel}","templated":true}]}}