{"id":613485,"date":"2025-08-10T12:27:24","date_gmt":"2025-08-10T10:27:24","guid":{"rendered":"https:\/\/lucacastelli.com\/prodotto\/milwaukee-rj18-acr-1-%e2%85%9b%e2%80%b3\/"},"modified":"2025-08-10T12:27:24","modified_gmt":"2025-08-10T10:27:24","slug":"milwaukee-rj18-acr-1-%e2%85%9b%e2%80%b3","status":"publish","type":"product","link":"https:\/\/lucacastelli.com\/fr\/produit\/milwaukee-rj18-acr-1-%e2%85%9b%e2%80%b3\/","title":{"rendered":"MILWAUKEE RJ18-ACR 1 \u215b\u2033"},"content":{"rendered":"<p>RJ18-ACR 1 \u215b\u2033<br \/>\nRing Jaw Sanha Streamline ACR -1 1\/8<br \/>\nLes m\u00e2choires FORCE LOGIC\u2122 sont fabriqu\u00e9es pour atteindre les normes de qualit\u00e9 de pressage et d&#8217;adh\u00e9rence les plus \u00e9lev\u00e9es de l&#8217;industrie ;Ces m\u00e2choires ont \u00e9t\u00e9 d\u00e9velopp\u00e9es pour \u00eatre facilement ouvertes avec un pouce et, lorsqu&#8217;elles sont associ\u00e9es aux machines \u00e0 presser FORCE LOGIC\u2122 M12\u2122 et M12\u2122, permettent un pressage d&#8217;une seule main ; Les m\u00e2choires permettent d&#8217;obtenir des raccords \u00e0 presser de haute qualit\u00e9 avec toutes les marques courantes de raccords<\/p>\n<p>4932500107<br \/>\n4058546572716.<\/p>\n","protected":false},"excerpt":{"rendered":"<p>M\u00e2choire annulaire Sanha Streamline ACR -1 1\/8<\/p>\n","protected":false},"featured_media":591229,"template":"","meta":{"_seopress_robots_primary_cat":"","_seopress_titles_title":"","_seopress_titles_desc":"","_seopress_robots_index":""},"product_brand":[3407],"product_cat":[5531,29,514],"product_tag":[3270],"class_list":{"0":"post-613485","1":"product","2":"type-product","3":"status-publish","4":"has-post-thumbnail","6":"product_brand-milwaukee","7":"product_cat-vari-macchinari-milwaukee","8":"product_cat-macchinari","9":"product_cat-altri-dispositivi","10":"product_tag-import-milwau","11":"sws-conto-ricavi-merci-rivendita-macchinari-fr","12":"sws-gruppo-iva-iva81-fr","14":"first","15":"onbackorder","16":"sale","17":"shipping-taxable","18":"purchasable","19":"product-type-simple"},"_links":{"self":[{"href":"https:\/\/lucacastelli.com\/fr\/wp-json\/wp\/v2\/product\/613485","targetHints":{"allow":["GET"]}}],"collection":[{"href":"https:\/\/lucacastelli.com\/fr\/wp-json\/wp\/v2\/product"}],"about":[{"href":"https:\/\/lucacastelli.com\/fr\/wp-json\/wp\/v2\/types\/product"}],"wp:featuredmedia":[{"embeddable":true,"href":"https:\/\/lucacastelli.com\/fr\/wp-json\/wp\/v2\/media\/591229"}],"wp:attachment":[{"href":"https:\/\/lucacastelli.com\/fr\/wp-json\/wp\/v2\/media?parent=613485"}],"wp:term":[{"taxonomy":"product_brand","embeddable":true,"href":"https:\/\/lucacastelli.com\/fr\/wp-json\/wp\/v2\/product_brand?post=613485"},{"taxonomy":"product_cat","embeddable":true,"href":"https:\/\/lucacastelli.com\/fr\/wp-json\/wp\/v2\/product_cat?post=613485"},{"taxonomy":"product_tag","embeddable":true,"href":"https:\/\/lucacastelli.com\/fr\/wp-json\/wp\/v2\/product_tag?post=613485"}],"curies":[{"name":"wp","href":"https:\/\/api.w.org\/{rel}","templated":true}]}}